{"id":972,"date":"2017-04-17T11:25:20","date_gmt":"2017-04-17T11:25:20","guid":{"rendered":"http:\/\/www.golfantequera.com\/the-golf-course\/hole-1\/"},"modified":"2024-03-05T11:26:36","modified_gmt":"2024-03-05T11:26:36","slug":"hole-1","status":"publish","type":"page","link":"https:\/\/www.golfantequera.com\/en\/the-golf-course\/hole-1\/","title":{"rendered":"Hole 1"},"content":{"rendered":"<p>[et_pb_section fb_built=&#8221;1&#8243; fullwidth=&#8221;on&#8221; custom_padding_last_edited=&#8221;on|desktop&#8221; admin_label=&#8221;Secci\u00f3n&#8221; module_class=&#8221;sc-cab somb&#8221; _builder_version=&#8221;4.16&#8243; background_image=&#8221;https:\/\/www.golfantequera.com\/wp-content\/uploads\/2017\/04\/HOYO-1-8.jpg&#8221; parallax=&#8221;on&#8221; parallax_method=&#8221;off&#8221; custom_padding_tablet=&#8221;50px|0|50px|0&#8243; transparent_background=&#8221;off&#8221; padding_mobile=&#8221;off&#8221; make_fullwidth=&#8221;off&#8221; use_custom_width=&#8221;off&#8221; width_unit=&#8221;on&#8221; global_colors_info=&#8221;{}&#8221; custom_padding_phone=&#8221;50px|0|50px|0&#8243;][et_pb_fullwidth_header text_orientation=&#8221;center&#8221; content_max_width=&#8221;none&#8221; admin_label=&#8221;T\u00edtulo de anchura completa&#8221; _builder_version=&#8221;4.16&#8243; background_color=&#8221;rgba(255, 255, 255, 0)&#8221; button_one_letter_spacing_hover=&#8221;0&#8243; button_two_letter_spacing_hover=&#8221;0&#8243; global_colors_info=&#8221;{}&#8221; button_one_text_size__hover_enabled=&#8221;off&#8221; button_two_text_size__hover_enabled=&#8221;off&#8221; button_one_text_color__hover_enabled=&#8221;off&#8221; button_two_text_color__hover_enabled=&#8221;off&#8221; button_one_border_width__hover_enabled=&#8221;off&#8221; button_two_border_width__hover_enabled=&#8221;off&#8221; button_one_border_color__hover_enabled=&#8221;off&#8221; button_two_border_color__hover_enabled=&#8221;off&#8221; button_one_border_radius__hover_enabled=&#8221;off&#8221; button_two_border_radius__hover_enabled=&#8221;off&#8221; button_one_letter_spacing__hover_enabled=&#8221;on&#8221; button_one_letter_spacing__hover=&#8221;0&#8243; button_two_letter_spacing__hover_enabled=&#8221;on&#8221; button_two_letter_spacing__hover=&#8221;0&#8243; button_one_bg_color__hover_enabled=&#8221;off&#8221; button_two_bg_color__hover_enabled=&#8221;off&#8221;][\/et_pb_fullwidth_header][\/et_pb_section][et_pb_section fb_built=&#8221;1&#8243; custom_padding_last_edited=&#8221;on|desktop&#8221; admin_label=&#8221;Secci\u00f3n&#8221; module_class=&#8221;sc-nhoyo&#8221; _builder_version=&#8221;4.16&#8243; custom_padding_tablet=&#8221;50px|0|50px|0&#8243; transparent_background=&#8221;off&#8221; padding_mobile=&#8221;off&#8221; make_fullwidth=&#8221;off&#8221; use_custom_width=&#8221;off&#8221; width_unit=&#8221;on&#8221; global_colors_info=&#8221;{}&#8221; custom_padding_phone=&#8221;50px|0|50px|0&#8243;][et_pb_row admin_label=&#8221;Fila&#8221; _builder_version=&#8221;4.16&#8243; background_size=&#8221;initial&#8221; background_position=&#8221;top_left&#8221; background_repeat=&#8221;repeat&#8221; global_colors_info=&#8221;{}&#8221;][et_pb_column type=&#8221;4_4&#8243; _builder_version=&#8221;4.16&#8243; custom_padding=&#8221;|||&#8221; global_colors_info=&#8221;{}&#8221; custom_padding__hover=&#8221;|||&#8221;][et_pb_code admin_label=&#8221;C\u00f3digo&#8221; _builder_version=&#8221;4.16&#8243; global_colors_info=&#8221;{}&#8221;]<\/p>\n<div class=\"nav-hoyo\">\n<ul>\n<li><a>HOYO: <\/a><\/li>\n<li><a href=\"\/en\/the-golf-course\/hole-1\/\"> &#8211; 1 &#8211;<\/a><\/li>\n<li><a href=\"\/en\/the-golf-course\/hole-2\/\"> 2 &#8211;<\/a><\/li>\n<li><a href=\"\/en\/the-golf-course\/hole-3\/\"> 3 &#8211;<\/a><\/li>\n<li><a href=\"\/en\/the-golf-course\/hole-4\/\"> 4 &#8211;<\/a><\/li>\n<li><a href=\"\/en\/the-golf-course\/hole-5\/\"> 5 &#8211;<\/a><\/li>\n<li><a href=\"\/en\/the-golf-course\/hole-6\/\"> 6 &#8211;<\/a><\/li>\n<li><a href=\"\/en\/the-golf-course\/hole-7\/\"> 7 &#8211;<\/a><\/li>\n<li><a href=\"\/en\/the-golf-course\/hole-8\/\"> 8 &#8211;<\/a><\/li>\n<li><a href=\"\/en\/the-golf-course\/hole-9\/\"> 9 &#8211;<\/a><\/li>\n<li><a href=\"\/en\/the-golf-course\/hole-10\/\"> 10 &#8211;<\/a><\/li>\n<li><a href=\"\/en\/the-golf-course\/hole-11\/\"> 11 &#8211;<\/a><\/li>\n<li><a href=\"\/en\/the-golf-course\/hole-12\/\"> 12 &#8211;<\/a><\/li>\n<li><a href=\"\/en\/the-golf-course\/hole-13\/\"> 13 &#8211;<\/a><\/li>\n<li><a href=\"\/en\/the-golf-course\/hole-14\/\"> 14 &#8211;<\/a><\/li>\n<li><a href=\"\/en\/the-golf-course\/hole-15\/\"> 15 &#8211;<\/a><\/li>\n<li><a href=\"\/en\/the-golf-course\/hole-16\/\"> 16 &#8211;<\/a><\/li>\n<li><a href=\"\/en\/the-golf-course\/hole-17\/\"> 17 &#8211;<\/a><\/li>\n<li><a href=\"\/en\/the-golf-course\/hole-18\/\"> 18<\/a><\/li>\n<\/ul><\/div>\n<p>[\/et_pb_code][et_pb_text admin_label=&#8221;Texto&#8221; _builder_version=&#8221;4.16&#8243; background_size=&#8221;initial&#8221; background_position=&#8221;top_left&#8221; background_repeat=&#8221;repeat&#8221; text_orientation=&#8221;center&#8221; module_alignment=&#8221;center&#8221; use_border_color=&#8221;off&#8221; border_color=&#8221;#ffffff&#8221; border_style=&#8221;solid&#8221; global_colors_info=&#8221;{}&#8221;]<\/p>\n<div class=\"line\">\n<h1 style=\"text-align: center;\">Hole 1<\/h1>\n<\/div>\n<p>[\/et_pb_text][\/et_pb_column][\/et_pb_row][et_pb_row padding_mobile=&#8221;off&#8221; column_padding_mobile=&#8221;on&#8221; admin_label=&#8221;Fila&#8221; module_class=&#8221;color&#8221; _builder_version=&#8221;4.16&#8243; global_colors_info=&#8221;{}&#8221; column_structure=&#8221;1_3,1_3,1_3&#8243;][et_pb_column type=&#8221;1_3&#8243; _builder_version=&#8221;4.16&#8243; custom_padding=&#8221;|||&#8221; global_colors_info=&#8221;{}&#8221; custom_padding__hover=&#8221;|||&#8221;][et_pb_number_counter title=&#8221;Par&#8221; number=&#8221;4&#8243; _builder_version=&#8221;4.24.2&#8243; _module_preset=&#8221;default&#8221; percent_sign=&#8221;off&#8221; hover_enabled=&#8221;0&#8243; sticky_enabled=&#8221;0&#8243;][\/et_pb_number_counter][\/et_pb_column][et_pb_column type=&#8221;1_3&#8243; _builder_version=&#8221;4.16&#8243; custom_padding=&#8221;|||&#8221; global_colors_info=&#8221;{}&#8221; custom_padding__hover=&#8221;|||&#8221;][et_pb_number_counter title=&#8221;Meters&#8221; number=&#8221;359&#8243; _builder_version=&#8221;4.24.2&#8243; _module_preset=&#8221;default&#8221; percent_sign=&#8221;off&#8221; hover_enabled=&#8221;0&#8243; sticky_enabled=&#8221;0&#8243; number_text_color=&#8221;#E09900&#8243;][\/et_pb_number_counter][\/et_pb_column][et_pb_column type=&#8221;1_3&#8243; _builder_version=&#8221;4.16&#8243; custom_padding=&#8221;|||&#8221; global_colors_info=&#8221;{}&#8221; custom_padding__hover=&#8221;|||&#8221;][et_pb_number_counter title=&#8221;Meters&#8221; number=&#8221;329&#8243; _builder_version=&#8221;4.24.2&#8243; _module_preset=&#8221;default&#8221; percent_sign=&#8221;off&#8221; hover_enabled=&#8221;0&#8243; sticky_enabled=&#8221;0&#8243; number_text_color=&#8221;#E02B20&#8243;][\/et_pb_number_counter][\/et_pb_column][\/et_pb_row][\/et_pb_section][et_pb_section fb_built=&#8221;1&#8243; custom_padding_last_edited=&#8221;on|desktop&#8221; admin_label=&#8221;section&#8221; module_class=&#8221;hoyos&#8221; _builder_version=&#8221;4.16&#8243; custom_padding_tablet=&#8221;50px|0|50px|0&#8243; transparent_background=&#8221;off&#8221; padding_mobile=&#8221;off&#8221; make_fullwidth=&#8221;off&#8221; use_custom_width=&#8221;off&#8221; width_unit=&#8221;on&#8221; global_colors_info=&#8221;{}&#8221; custom_padding_phone=&#8221;50px|0|50px|0&#8243;][et_pb_row admin_label=&#8221;row&#8221; _builder_version=&#8221;4.16&#8243; background_size=&#8221;initial&#8221; background_position=&#8221;top_left&#8221; background_repeat=&#8221;repeat&#8221; global_colors_info=&#8221;{}&#8221; column_structure=&#8221;1_2,1_2&#8243;][et_pb_column type=&#8221;1_2&#8243; _builder_version=&#8221;4.16&#8243; custom_padding=&#8221;|||&#8221; global_colors_info=&#8221;{}&#8221; custom_padding__hover=&#8221;|||&#8221;][et_pb_image src=&#8221;https:\/\/www.golfantequera.com\/wp-content\/uploads\/2019\/09\/Hoyo-1-horiz.jpg&#8221; alt=&#8221;plano del hoyo 1&#8243; title_text=&#8221;Plano del hoyo 1&#8243; show_in_lightbox=&#8221;on&#8221; use_overlay=&#8221;on&#8221; overlay_icon_color=&#8221;#ffffff&#8221; hover_overlay_color=&#8221;rgba(44,78,58,0.75)&#8221; hover_icon=&#8221;&#x54;||divi||400&#8243; show_bottom_space=&#8221;off&#8221; align=&#8221;center&#8221; align_tablet=&#8221;center&#8221; align_last_edited=&#8221;on|desktop&#8221; admin_label=&#8221;Imagen&#8221; _builder_version=&#8221;4.16&#8243; use_border_color=&#8221;off&#8221; border_color=&#8221;#ffffff&#8221; border_style=&#8221;solid&#8221; animation=&#8221;off&#8221; sticky=&#8221;on&#8221; always_center_on_mobile=&#8221;on&#8221; global_colors_info=&#8221;{}&#8221; align_phone=&#8221;center&#8221;][\/et_pb_image][\/et_pb_column][et_pb_column type=&#8221;1_2&#8243; _builder_version=&#8221;4.16&#8243; custom_padding=&#8221;|||&#8221; global_colors_info=&#8221;{}&#8221; custom_padding__hover=&#8221;|||&#8221;][et_pb_text admin_label=&#8221;Texto&#8221; _builder_version=&#8221;4.16&#8243; background_size=&#8221;initial&#8221; background_position=&#8221;top_left&#8221; background_repeat=&#8221;repeat&#8221; use_border_color=&#8221;off&#8221; border_color=&#8221;#ffffff&#8221; border_style=&#8221;solid&#8221; global_colors_info=&#8221;{}&#8221;]<\/p>\n<p class=\"p1\">Quite a straight hole but with trees just in the middle of the fairway which you will have to hit over and a bunker in parallel on the far right. Not an easy fairway to play, with mountains on the right, but if you can get the ball to come out on the left, the following shot may surprise you.<\/p>\n<p>[\/et_pb_text][et_pb_divider show_divider=&#8221;off&#8221; disabled_on=&#8221;on|on|off&#8221; admin_label=&#8221;Separador&#8221; _builder_version=&#8221;4.16&#8243; height=&#8221;10px&#8221; hide_on_mobile=&#8221;on&#8221; global_colors_info=&#8221;{}&#8221;][\/et_pb_divider][et_pb_testimonial company_name=&#8221;Antequera Golf&#8221; admin_label=&#8221;Recomendaci\u00f3n&#8221; _builder_version=&#8221;4.16&#8243; background_size=&#8221;initial&#8221; background_position=&#8221;top_left&#8221; background_repeat=&#8221;repeat&#8221; use_border_color=&#8221;off&#8221; border_color=&#8221;#ffffff&#8221; border_style=&#8221;solid&#8221; global_colors_info=&#8221;{}&#8221;]<\/p>\n<p class=\"p1\"><i>The drive must be played towards the left-hand side of the fairway. This means that you can avoid the bunker on the right, which can\u2019t be seen from tee-off. The second shot can be played with a mid-iron towards a small elevated green with a hazard on the far right end<\/i><\/p>\n<p>[\/et_pb_testimonial][\/et_pb_column][\/et_pb_row][\/et_pb_section][et_pb_section fb_built=&#8221;1&#8243; admin_label=&#8221;Secci\u00f3n&#8221; _builder_version=&#8221;4.16&#8243; global_colors_info=&#8221;{}&#8221;][et_pb_row admin_label=&#8221;Fila&#8221; _builder_version=&#8221;4.16&#8243; background_size=&#8221;initial&#8221; background_position=&#8221;top_left&#8221; background_repeat=&#8221;repeat&#8221; global_colors_info=&#8221;{}&#8221;][et_pb_column type=&#8221;4_4&#8243; _builder_version=&#8221;4.16&#8243; custom_padding=&#8221;|||&#8221; global_colors_info=&#8221;{}&#8221; custom_padding__hover=&#8221;|||&#8221;][\/et_pb_column][\/et_pb_row][\/et_pb_section]<\/p>\n","protected":false},"excerpt":{"rendered":"<p>Hole 1 Quite a straight hole but with trees just in the middle of the fairway which you will have to hit over and a bunker in parallel on the far right. Not an easy fairway to play, with mountains on the right, but if you can get the ball to come out on the [&hellip;]<\/p>\n","protected":false},"author":1,"featured_media":0,"parent":830,"menu_order":0,"comment_status":"closed","ping_status":"closed","template":"","meta":{"_et_pb_use_builder":"on","_et_pb_old_content":"","_et_gb_content_width":"","footnotes":""},"yoast_head":"<!-- This site is optimized with the Yoast SEO plugin v22.5 - https:\/\/yoast.com\/wordpress\/plugins\/seo\/ -->\n<title>Hoyo 1 descripci\u00f3n y caracter\u00edsticas I Campo Antequera Golf<\/title>\n<meta name=\"description\" content=\"Consulte desde aqu\u00ed las caracter\u00edsticas del hoyo 1 del campo Antequera Golf. Un hoyo complicado de 362 metros, par 4 y handicap 8\" \/>\n<meta name=\"robots\" content=\"index, follow, max-snippet:-1, max-image-preview:large, max-video-preview:-1\" \/>\n<link rel=\"canonical\" href=\"https:\/\/www.golfantequera.com\/en\/the-golf-course\/hole-1\/\" \/>\n<meta property=\"og:locale\" content=\"en_US\" \/>\n<meta property=\"og:type\" content=\"article\" \/>\n<meta property=\"og:title\" content=\"Hoyo 1 descripci\u00f3n y caracter\u00edsticas I Campo Antequera Golf\" \/>\n<meta property=\"og:description\" content=\"Consulte desde aqu\u00ed las caracter\u00edsticas del hoyo 1 del campo Antequera Golf. Un hoyo complicado de 362 metros, par 4 y handicap 8\" \/>\n<meta property=\"og:url\" content=\"https:\/\/www.golfantequera.com\/en\/the-golf-course\/hole-1\/\" \/>\n<meta property=\"og:site_name\" content=\"Antequera Golf Course\" \/>\n<meta property=\"article:modified_time\" content=\"2024-03-05T11:26:36+00:00\" \/>\n<meta name=\"twitter:card\" content=\"summary_large_image\" \/>\n<meta name=\"twitter:label1\" content=\"Est. reading time\" \/>\n\t<meta name=\"twitter:data1\" content=\"5 minutes\" \/>\n<script type=\"application\/ld+json\" class=\"yoast-schema-graph\">{\"@context\":\"https:\/\/schema.org\",\"@graph\":[{\"@type\":\"WebPage\",\"@id\":\"https:\/\/www.golfantequera.com\/en\/the-golf-course\/hole-1\/\",\"url\":\"https:\/\/www.golfantequera.com\/en\/the-golf-course\/hole-1\/\",\"name\":\"Hoyo 1 descripci\u00f3n y caracter\u00edsticas I Campo Antequera Golf\",\"isPartOf\":{\"@id\":\"https:\/\/www.golfantequera.com\/#website\"},\"datePublished\":\"2017-04-17T11:25:20+00:00\",\"dateModified\":\"2024-03-05T11:26:36+00:00\",\"description\":\"Consulte desde aqu\u00ed las caracter\u00edsticas del hoyo 1 del campo Antequera Golf. Un hoyo complicado de 362 metros, par 4 y handicap 8\",\"breadcrumb\":{\"@id\":\"https:\/\/www.golfantequera.com\/en\/the-golf-course\/hole-1\/#breadcrumb\"},\"inLanguage\":\"en-US\",\"potentialAction\":[{\"@type\":\"ReadAction\",\"target\":[\"https:\/\/www.golfantequera.com\/en\/the-golf-course\/hole-1\/\"]}]},{\"@type\":\"BreadcrumbList\",\"@id\":\"https:\/\/www.golfantequera.com\/en\/the-golf-course\/hole-1\/#breadcrumb\",\"itemListElement\":[{\"@type\":\"ListItem\",\"position\":1,\"name\":\"Portada\",\"item\":\"https:\/\/www.golfantequera.com\/\"},{\"@type\":\"ListItem\",\"position\":2,\"name\":\"The Golf Course\",\"item\":\"https:\/\/www.golfantequera.com\/el-campo\/\"},{\"@type\":\"ListItem\",\"position\":3,\"name\":\"Hole 1\"}]},{\"@type\":\"WebSite\",\"@id\":\"https:\/\/www.golfantequera.com\/#website\",\"url\":\"https:\/\/www.golfantequera.com\/\",\"name\":\"Antequera Golf Course\",\"description\":\"Golf course in Antequera\",\"publisher\":{\"@id\":\"https:\/\/www.golfantequera.com\/#organization\"},\"potentialAction\":[{\"@type\":\"SearchAction\",\"target\":{\"@type\":\"EntryPoint\",\"urlTemplate\":\"https:\/\/www.golfantequera.com\/?s={search_term_string}\"},\"query-input\":\"required name=search_term_string\"}],\"inLanguage\":\"en-US\"},{\"@type\":\"Organization\",\"@id\":\"https:\/\/www.golfantequera.com\/#organization\",\"name\":\"Campo Antequera Golf\",\"url\":\"https:\/\/www.golfantequera.com\/\",\"logo\":{\"@type\":\"ImageObject\",\"inLanguage\":\"en-US\",\"@id\":\"https:\/\/www.golfantequera.com\/#\/schema\/logo\/image\/\",\"url\":\"https:\/\/www.golfantequera.com\/wp-content\/uploads\/2025\/03\/Logotipo-Antequera-Golf-horizontal-web.png\",\"contentUrl\":\"https:\/\/www.golfantequera.com\/wp-content\/uploads\/2025\/03\/Logotipo-Antequera-Golf-horizontal-web.png\",\"width\":600,\"height\":193,\"caption\":\"Campo Antequera Golf\"},\"image\":{\"@id\":\"https:\/\/www.golfantequera.com\/#\/schema\/logo\/image\/\"}}]}<\/script>\n<!-- \/ Yoast SEO plugin. -->","yoast_head_json":{"title":"Hoyo 1 descripci\u00f3n y caracter\u00edsticas I Campo Antequera Golf","description":"Consulte desde aqu\u00ed las caracter\u00edsticas del hoyo 1 del campo Antequera Golf. Un hoyo complicado de 362 metros, par 4 y handicap 8","robots":{"index":"index","follow":"follow","max-snippet":"max-snippet:-1","max-image-preview":"max-image-preview:large","max-video-preview":"max-video-preview:-1"},"canonical":"https:\/\/www.golfantequera.com\/en\/the-golf-course\/hole-1\/","og_locale":"en_US","og_type":"article","og_title":"Hoyo 1 descripci\u00f3n y caracter\u00edsticas I Campo Antequera Golf","og_description":"Consulte desde aqu\u00ed las caracter\u00edsticas del hoyo 1 del campo Antequera Golf. Un hoyo complicado de 362 metros, par 4 y handicap 8","og_url":"https:\/\/www.golfantequera.com\/en\/the-golf-course\/hole-1\/","og_site_name":"Antequera Golf Course","article_modified_time":"2024-03-05T11:26:36+00:00","twitter_card":"summary_large_image","twitter_misc":{"Est. reading time":"5 minutes"},"schema":{"@context":"https:\/\/schema.org","@graph":[{"@type":"WebPage","@id":"https:\/\/www.golfantequera.com\/en\/the-golf-course\/hole-1\/","url":"https:\/\/www.golfantequera.com\/en\/the-golf-course\/hole-1\/","name":"Hoyo 1 descripci\u00f3n y caracter\u00edsticas I Campo Antequera Golf","isPartOf":{"@id":"https:\/\/www.golfantequera.com\/#website"},"datePublished":"2017-04-17T11:25:20+00:00","dateModified":"2024-03-05T11:26:36+00:00","description":"Consulte desde aqu\u00ed las caracter\u00edsticas del hoyo 1 del campo Antequera Golf. Un hoyo complicado de 362 metros, par 4 y handicap 8","breadcrumb":{"@id":"https:\/\/www.golfantequera.com\/en\/the-golf-course\/hole-1\/#breadcrumb"},"inLanguage":"en-US","potentialAction":[{"@type":"ReadAction","target":["https:\/\/www.golfantequera.com\/en\/the-golf-course\/hole-1\/"]}]},{"@type":"BreadcrumbList","@id":"https:\/\/www.golfantequera.com\/en\/the-golf-course\/hole-1\/#breadcrumb","itemListElement":[{"@type":"ListItem","position":1,"name":"Portada","item":"https:\/\/www.golfantequera.com\/"},{"@type":"ListItem","position":2,"name":"The Golf Course","item":"https:\/\/www.golfantequera.com\/el-campo\/"},{"@type":"ListItem","position":3,"name":"Hole 1"}]},{"@type":"WebSite","@id":"https:\/\/www.golfantequera.com\/#website","url":"https:\/\/www.golfantequera.com\/","name":"Antequera Golf Course","description":"Golf course in Antequera","publisher":{"@id":"https:\/\/www.golfantequera.com\/#organization"},"potentialAction":[{"@type":"SearchAction","target":{"@type":"EntryPoint","urlTemplate":"https:\/\/www.golfantequera.com\/?s={search_term_string}"},"query-input":"required name=search_term_string"}],"inLanguage":"en-US"},{"@type":"Organization","@id":"https:\/\/www.golfantequera.com\/#organization","name":"Campo Antequera Golf","url":"https:\/\/www.golfantequera.com\/","logo":{"@type":"ImageObject","inLanguage":"en-US","@id":"https:\/\/www.golfantequera.com\/#\/schema\/logo\/image\/","url":"https:\/\/www.golfantequera.com\/wp-content\/uploads\/2025\/03\/Logotipo-Antequera-Golf-horizontal-web.png","contentUrl":"https:\/\/www.golfantequera.com\/wp-content\/uploads\/2025\/03\/Logotipo-Antequera-Golf-horizontal-web.png","width":600,"height":193,"caption":"Campo Antequera Golf"},"image":{"@id":"https:\/\/www.golfantequera.com\/#\/schema\/logo\/image\/"}}]}},"_links":{"self":[{"href":"https:\/\/www.golfantequera.com\/en\/wp-json\/wp\/v2\/pages\/972"}],"collection":[{"href":"https:\/\/www.golfantequera.com\/en\/wp-json\/wp\/v2\/pages"}],"about":[{"href":"https:\/\/www.golfantequera.com\/en\/wp-json\/wp\/v2\/types\/page"}],"author":[{"embeddable":true,"href":"https:\/\/www.golfantequera.com\/en\/wp-json\/wp\/v2\/users\/1"}],"replies":[{"embeddable":true,"href":"https:\/\/www.golfantequera.com\/en\/wp-json\/wp\/v2\/comments?post=972"}],"version-history":[{"count":18,"href":"https:\/\/www.golfantequera.com\/en\/wp-json\/wp\/v2\/pages\/972\/revisions"}],"predecessor-version":[{"id":2715,"href":"https:\/\/www.golfantequera.com\/en\/wp-json\/wp\/v2\/pages\/972\/revisions\/2715"}],"up":[{"embeddable":true,"href":"https:\/\/www.golfantequera.com\/en\/wp-json\/wp\/v2\/pages\/830"}],"wp:attachment":[{"href":"https:\/\/www.golfantequera.com\/en\/wp-json\/wp\/v2\/media?parent=972"}],"curies":[{"name":"wp","href":"https:\/\/api.w.org\/{rel}","templated":true}]}}