{"id":924,"date":"2017-04-16T12:20:49","date_gmt":"2017-04-16T12:20:49","guid":{"rendered":"http:\/\/www.golfantequera.com\/the-golf-course\/tournaments\/"},"modified":"2024-03-20T13:29:21","modified_gmt":"2024-03-20T13:29:21","slug":"tournaments","status":"publish","type":"page","link":"https:\/\/www.golfantequera.com\/en\/the-golf-course\/tournaments\/","title":{"rendered":"Tournaments"},"content":{"rendered":"<p>[et_pb_section fb_built=&#8221;1&#8243; fullwidth=&#8221;on&#8221; custom_padding_last_edited=&#8221;on|desktop&#8221; admin_label=&#8221;Secci\u00f3n&#8221; module_class=&#8221;sc-cab somb&#8221; _builder_version=&#8221;4.16&#8243; background_image=&#8221;https:\/\/www.golfantequera.com\/wp-content\/uploads\/2017\/01\/cab-MG_7524.jpg&#8221; custom_padding_tablet=&#8221;50px|0|50px|0&#8243; custom_padding_phone=&#8221;&#8221; custom_css_main_element=&#8221;background-position: bottom center;&#8221; transparent_background=&#8221;off&#8221; padding_mobile=&#8221;off&#8221; make_fullwidth=&#8221;off&#8221; use_custom_width=&#8221;off&#8221; width_unit=&#8221;on&#8221; custom_width_px=&#8221;1080px&#8221; custom_width_percent=&#8221;80%&#8221; global_colors_info=&#8221;{}&#8221;][et_pb_fullwidth_header text_orientation=&#8221;center&#8221; content_max_width=&#8221;none&#8221; admin_label=&#8221;T\u00edtulo de anchura completa&#8221; _builder_version=&#8221;4.16&#8243; background_color=&#8221;rgba(255, 255, 255, 0)&#8221; button_one_letter_spacing_hover=&#8221;0&#8243; button_two_letter_spacing_hover=&#8221;0&#8243; global_colors_info=&#8221;{}&#8221; button_one_text_size__hover_enabled=&#8221;off&#8221; button_two_text_size__hover_enabled=&#8221;off&#8221; button_one_text_color__hover_enabled=&#8221;off&#8221; button_two_text_color__hover_enabled=&#8221;off&#8221; button_one_border_width__hover_enabled=&#8221;off&#8221; button_two_border_width__hover_enabled=&#8221;off&#8221; button_one_border_color__hover_enabled=&#8221;off&#8221; button_two_border_color__hover_enabled=&#8221;off&#8221; button_one_border_radius__hover_enabled=&#8221;off&#8221; button_two_border_radius__hover_enabled=&#8221;off&#8221; button_one_letter_spacing__hover_enabled=&#8221;on&#8221; button_one_letter_spacing__hover=&#8221;0&#8243; button_two_letter_spacing__hover_enabled=&#8221;on&#8221; button_two_letter_spacing__hover=&#8221;0&#8243; button_one_bg_color__hover_enabled=&#8221;off&#8221; button_two_bg_color__hover_enabled=&#8221;off&#8221;]<\/p>\n<div class=\"line\">\n<h3 style=\"text-align: center;\">Antequera Golf<\/h3>\n<\/div>\n<h1 class=\"tit\" style=\"text-align: center;\">Tournaments &amp; Trophys<\/h1>\n<h1 class=\"stit\" style=\"text-align: center;\">Antequera Golf Champiomships<\/h1>\n<p>[\/et_pb_fullwidth_header][\/et_pb_section][et_pb_section fb_built=&#8221;1&#8243; _builder_version=&#8221;4.16&#8243; global_colors_info=&#8221;{}&#8221;][et_pb_row _builder_version=&#8221;4.16&#8243; global_colors_info=&#8221;{}&#8221;][et_pb_column type=&#8221;4_4&#8243; _builder_version=&#8221;4.16&#8243; global_colors_info=&#8221;{}&#8221;][et_pb_blurb title=&#8221;II TORNEO DE GOLF  BUCORAL  CLINICA DENTAL&#8221; _builder_version=&#8221;4.24.2&#8243; header_level=&#8221;h3&#8243; header_text_align=&#8221;center&#8221; header_text_color=&#8221;#12876f&#8221; hover_enabled=&#8221;0&#8243; global_colors_info=&#8221;{}&#8221; sticky_enabled=&#8221;0&#8243;]<\/p>\n<p style=\"text-align: center;\"><span style=\"font-family: Helvetica, Arial, sans-serif; font-size: small;\"><\/span><span style=\"font-family: Helvetica, Arial, sans-serif; font-size: small;\">13 de abril de 2024<\/span><\/p>\n<p style=\"text-align: center;\"><span style=\"font-family: Helvetica, Arial, sans-serif; font-size: small;\">Modalidad Stableford salida al tiro 9:00am<\/span><\/p>\n<p>[\/et_pb_blurb][et_pb_blurb title=&#8221;II TORNEO CUIDAD DE LOS DOLMENES&#8221; _builder_version=&#8221;4.24.2&#8243; header_level=&#8221;h3&#8243; header_text_align=&#8221;center&#8221; header_text_color=&#8221;#12876f&#8221; hover_enabled=&#8221;0&#8243; global_colors_info=&#8221;{}&#8221; sticky_enabled=&#8221;0&#8243;]<\/p>\n<p style=\"text-align: center;\"><span style=\"font-family: Helvetica, Arial, sans-serif; font-size: small;\">25 de mayo de 2024<\/span><\/p>\n<p style=\"text-align: center;\"><span style=\"font-family: Helvetica, Arial, sans-serif; font-size: small;\">Modalidad Stableford salida al tiro 9:00am<\/span><\/p>\n<p>[\/et_pb_blurb][\/et_pb_column][\/et_pb_row][\/et_pb_section][et_pb_section fb_built=&#8221;1&#8243; _builder_version=&#8221;4.16&#8243; global_colors_info=&#8221;{}&#8221;][et_pb_row _builder_version=&#8221;4.16&#8243; global_colors_info=&#8221;{}&#8221;][et_pb_column type=&#8221;4_4&#8243; _builder_version=&#8221;4.16&#8243; global_colors_info=&#8221;{}&#8221;][et_pb_button button_url=&#8221;#&#8221; button_text=&#8221;Consult Caddy Master   :     (34) 951 060 354&#8243; button_alignment=&#8221;center&#8221; _builder_version=&#8221;4.16&#8243; global_colors_info=&#8221;{}&#8221;][\/et_pb_button][\/et_pb_column][\/et_pb_row][\/et_pb_section]<\/p>\n","protected":false},"excerpt":{"rendered":"<p>Antequera Golf Tournaments &amp; Trophys Antequera Golf Champiomships 13 de abril de 2024 Modalidad Stableford salida al tiro 9:00am25 de mayo de 2024 Modalidad Stableford salida al tiro 9:00am<\/p>\n","protected":false},"author":1,"featured_media":0,"parent":830,"menu_order":0,"comment_status":"closed","ping_status":"closed","template":"","meta":{"_et_pb_use_builder":"on","_et_pb_old_content":"","_et_gb_content_width":"","footnotes":""},"yoast_head":"<!-- This site is optimized with the Yoast SEO plugin v22.5 - https:\/\/yoast.com\/wordpress\/plugins\/seo\/ -->\n<title>Torneos calendario e inscripciones I Campo Antequera Golf<\/title>\n<meta name=\"description\" content=\"Torneos en el campo Antequera Golf. Todos los detalles de los pr\u00f3ximos torneos. Consulte aqu\u00ed el calendario anual y solicite su inscripci\u00f3n\" \/>\n<meta name=\"robots\" content=\"index, follow, max-snippet:-1, max-image-preview:large, max-video-preview:-1\" \/>\n<link rel=\"canonical\" href=\"https:\/\/www.golfantequera.com\/el-campo\/torneos\/\" \/>\n<meta property=\"og:locale\" content=\"en_US\" \/>\n<meta property=\"og:type\" content=\"article\" \/>\n<meta property=\"og:title\" content=\"Torneos calendario e inscripciones I Campo Antequera Golf\" \/>\n<meta property=\"og:description\" content=\"Torneos en el campo Antequera Golf. Todos los detalles de los pr\u00f3ximos torneos. Consulte aqu\u00ed el calendario anual y solicite su inscripci\u00f3n\" \/>\n<meta property=\"og:url\" content=\"https:\/\/www.golfantequera.com\/el-campo\/torneos\/\" \/>\n<meta property=\"og:site_name\" content=\"Antequera Golf Course\" \/>\n<meta property=\"article:modified_time\" content=\"2024-03-20T13:29:21+00:00\" \/>\n<meta name=\"twitter:card\" content=\"summary_large_image\" \/>\n<meta name=\"twitter:label1\" content=\"Est. reading time\" \/>\n\t<meta name=\"twitter:data1\" content=\"2 minutes\" \/>\n<script type=\"application\/ld+json\" class=\"yoast-schema-graph\">{\"@context\":\"https:\/\/schema.org\",\"@graph\":[{\"@type\":\"WebPage\",\"@id\":\"https:\/\/www.golfantequera.com\/el-campo\/torneos\/\",\"url\":\"https:\/\/www.golfantequera.com\/el-campo\/torneos\/\",\"name\":\"Torneos calendario e inscripciones I Campo Antequera Golf\",\"isPartOf\":{\"@id\":\"https:\/\/www.golfantequera.com\/#website\"},\"datePublished\":\"2017-04-16T12:20:49+00:00\",\"dateModified\":\"2024-03-20T13:29:21+00:00\",\"description\":\"Torneos en el campo Antequera Golf. Todos los detalles de los pr\u00f3ximos torneos. Consulte aqu\u00ed el calendario anual y solicite su inscripci\u00f3n\",\"breadcrumb\":{\"@id\":\"https:\/\/www.golfantequera.com\/el-campo\/torneos\/#breadcrumb\"},\"inLanguage\":\"en-US\",\"potentialAction\":[{\"@type\":\"ReadAction\",\"target\":[\"https:\/\/www.golfantequera.com\/el-campo\/torneos\/\"]}]},{\"@type\":\"BreadcrumbList\",\"@id\":\"https:\/\/www.golfantequera.com\/el-campo\/torneos\/#breadcrumb\",\"itemListElement\":[{\"@type\":\"ListItem\",\"position\":1,\"name\":\"Portada\",\"item\":\"https:\/\/www.golfantequera.com\/\"},{\"@type\":\"ListItem\",\"position\":2,\"name\":\"The Golf Course\",\"item\":\"https:\/\/www.golfantequera.com\/el-campo\/\"},{\"@type\":\"ListItem\",\"position\":3,\"name\":\"Tournaments\"}]},{\"@type\":\"WebSite\",\"@id\":\"https:\/\/www.golfantequera.com\/#website\",\"url\":\"https:\/\/www.golfantequera.com\/\",\"name\":\"Antequera Golf Course\",\"description\":\"Golf course in Antequera\",\"publisher\":{\"@id\":\"https:\/\/www.golfantequera.com\/#organization\"},\"potentialAction\":[{\"@type\":\"SearchAction\",\"target\":{\"@type\":\"EntryPoint\",\"urlTemplate\":\"https:\/\/www.golfantequera.com\/?s={search_term_string}\"},\"query-input\":\"required name=search_term_string\"}],\"inLanguage\":\"en-US\"},{\"@type\":\"Organization\",\"@id\":\"https:\/\/www.golfantequera.com\/#organization\",\"name\":\"Campo Antequera Golf\",\"url\":\"https:\/\/www.golfantequera.com\/\",\"logo\":{\"@type\":\"ImageObject\",\"inLanguage\":\"en-US\",\"@id\":\"https:\/\/www.golfantequera.com\/#\/schema\/logo\/image\/\",\"url\":\"https:\/\/www.golfantequera.com\/wp-content\/uploads\/2025\/03\/Logotipo-Antequera-Golf-horizontal-web.png\",\"contentUrl\":\"https:\/\/www.golfantequera.com\/wp-content\/uploads\/2025\/03\/Logotipo-Antequera-Golf-horizontal-web.png\",\"width\":600,\"height\":193,\"caption\":\"Campo Antequera Golf\"},\"image\":{\"@id\":\"https:\/\/www.golfantequera.com\/#\/schema\/logo\/image\/\"}}]}<\/script>\n<!-- \/ Yoast SEO plugin. -->","yoast_head_json":{"title":"Torneos calendario e inscripciones I Campo Antequera Golf","description":"Torneos en el campo Antequera Golf. Todos los detalles de los pr\u00f3ximos torneos. Consulte aqu\u00ed el calendario anual y solicite su inscripci\u00f3n","robots":{"index":"index","follow":"follow","max-snippet":"max-snippet:-1","max-image-preview":"max-image-preview:large","max-video-preview":"max-video-preview:-1"},"canonical":"https:\/\/www.golfantequera.com\/el-campo\/torneos\/","og_locale":"en_US","og_type":"article","og_title":"Torneos calendario e inscripciones I Campo Antequera Golf","og_description":"Torneos en el campo Antequera Golf. Todos los detalles de los pr\u00f3ximos torneos. Consulte aqu\u00ed el calendario anual y solicite su inscripci\u00f3n","og_url":"https:\/\/www.golfantequera.com\/el-campo\/torneos\/","og_site_name":"Antequera Golf Course","article_modified_time":"2024-03-20T13:29:21+00:00","twitter_card":"summary_large_image","twitter_misc":{"Est. reading time":"2 minutes"},"schema":{"@context":"https:\/\/schema.org","@graph":[{"@type":"WebPage","@id":"https:\/\/www.golfantequera.com\/el-campo\/torneos\/","url":"https:\/\/www.golfantequera.com\/el-campo\/torneos\/","name":"Torneos calendario e inscripciones I Campo Antequera Golf","isPartOf":{"@id":"https:\/\/www.golfantequera.com\/#website"},"datePublished":"2017-04-16T12:20:49+00:00","dateModified":"2024-03-20T13:29:21+00:00","description":"Torneos en el campo Antequera Golf. Todos los detalles de los pr\u00f3ximos torneos. Consulte aqu\u00ed el calendario anual y solicite su inscripci\u00f3n","breadcrumb":{"@id":"https:\/\/www.golfantequera.com\/el-campo\/torneos\/#breadcrumb"},"inLanguage":"en-US","potentialAction":[{"@type":"ReadAction","target":["https:\/\/www.golfantequera.com\/el-campo\/torneos\/"]}]},{"@type":"BreadcrumbList","@id":"https:\/\/www.golfantequera.com\/el-campo\/torneos\/#breadcrumb","itemListElement":[{"@type":"ListItem","position":1,"name":"Portada","item":"https:\/\/www.golfantequera.com\/"},{"@type":"ListItem","position":2,"name":"The Golf Course","item":"https:\/\/www.golfantequera.com\/el-campo\/"},{"@type":"ListItem","position":3,"name":"Tournaments"}]},{"@type":"WebSite","@id":"https:\/\/www.golfantequera.com\/#website","url":"https:\/\/www.golfantequera.com\/","name":"Antequera Golf Course","description":"Golf course in Antequera","publisher":{"@id":"https:\/\/www.golfantequera.com\/#organization"},"potentialAction":[{"@type":"SearchAction","target":{"@type":"EntryPoint","urlTemplate":"https:\/\/www.golfantequera.com\/?s={search_term_string}"},"query-input":"required name=search_term_string"}],"inLanguage":"en-US"},{"@type":"Organization","@id":"https:\/\/www.golfantequera.com\/#organization","name":"Campo Antequera Golf","url":"https:\/\/www.golfantequera.com\/","logo":{"@type":"ImageObject","inLanguage":"en-US","@id":"https:\/\/www.golfantequera.com\/#\/schema\/logo\/image\/","url":"https:\/\/www.golfantequera.com\/wp-content\/uploads\/2025\/03\/Logotipo-Antequera-Golf-horizontal-web.png","contentUrl":"https:\/\/www.golfantequera.com\/wp-content\/uploads\/2025\/03\/Logotipo-Antequera-Golf-horizontal-web.png","width":600,"height":193,"caption":"Campo Antequera Golf"},"image":{"@id":"https:\/\/www.golfantequera.com\/#\/schema\/logo\/image\/"}}]}},"_links":{"self":[{"href":"https:\/\/www.golfantequera.com\/en\/wp-json\/wp\/v2\/pages\/924"}],"collection":[{"href":"https:\/\/www.golfantequera.com\/en\/wp-json\/wp\/v2\/pages"}],"about":[{"href":"https:\/\/www.golfantequera.com\/en\/wp-json\/wp\/v2\/types\/page"}],"author":[{"embeddable":true,"href":"https:\/\/www.golfantequera.com\/en\/wp-json\/wp\/v2\/users\/1"}],"replies":[{"embeddable":true,"href":"https:\/\/www.golfantequera.com\/en\/wp-json\/wp\/v2\/comments?post=924"}],"version-history":[{"count":63,"href":"https:\/\/www.golfantequera.com\/en\/wp-json\/wp\/v2\/pages\/924\/revisions"}],"predecessor-version":[{"id":2758,"href":"https:\/\/www.golfantequera.com\/en\/wp-json\/wp\/v2\/pages\/924\/revisions\/2758"}],"up":[{"embeddable":true,"href":"https:\/\/www.golfantequera.com\/en\/wp-json\/wp\/v2\/pages\/830"}],"wp:attachment":[{"href":"https:\/\/www.golfantequera.com\/en\/wp-json\/wp\/v2\/media?parent=924"}],"curies":[{"name":"wp","href":"https:\/\/api.w.org\/{rel}","templated":true}]}}