{"id":916,"date":"2017-04-16T12:14:20","date_gmt":"2017-04-16T12:14:20","guid":{"rendered":"http:\/\/www.golfantequera.com\/the-golf-course\/scorecard\/"},"modified":"2024-03-05T12:05:39","modified_gmt":"2024-03-05T12:05:39","slug":"scorecard","status":"publish","type":"page","link":"https:\/\/www.golfantequera.com\/en\/the-golf-course\/scorecard\/","title":{"rendered":"Scorecard"},"content":{"rendered":"<p>[et_pb_section fb_built=&#8221;1&#8243; fullwidth=&#8221;on&#8221; custom_padding_last_edited=&#8221;on|desktop&#8221; admin_label=&#8221;Secci\u00f3n&#8221; module_class=&#8221;sc-cab somb&#8221; _builder_version=&#8221;4.16&#8243; background_image=&#8221;https:\/\/www.golfantequera.com\/wp-content\/uploads\/2016\/11\/cab-tarjetaHoyo9.jpg&#8221; parallax=&#8221;on&#8221; parallax_method=&#8221;off&#8221; custom_padding_tablet=&#8221;50px|0|50px|0&#8243; custom_padding_phone=&#8221;50px|0|50px|0&#8243; transparent_background=&#8221;off&#8221; padding_mobile=&#8221;off&#8221; make_fullwidth=&#8221;off&#8221; use_custom_width=&#8221;off&#8221; width_unit=&#8221;on&#8221; global_colors_info=&#8221;{}&#8221;][et_pb_fullwidth_header text_orientation=&#8221;center&#8221; content_max_width=&#8221;none&#8221; admin_label=&#8221;T\u00edtulo de anchura completa&#8221; _builder_version=&#8221;4.16&#8243; background_color=&#8221;rgba(255, 255, 255, 0)&#8221; button_one_letter_spacing_hover=&#8221;0&#8243; button_two_letter_spacing_hover=&#8221;0&#8243; global_colors_info=&#8221;{}&#8221; button_one_text_size__hover_enabled=&#8221;off&#8221; button_two_text_size__hover_enabled=&#8221;off&#8221; button_one_text_color__hover_enabled=&#8221;off&#8221; button_two_text_color__hover_enabled=&#8221;off&#8221; button_one_border_width__hover_enabled=&#8221;off&#8221; button_two_border_width__hover_enabled=&#8221;off&#8221; button_one_border_color__hover_enabled=&#8221;off&#8221; button_two_border_color__hover_enabled=&#8221;off&#8221; button_one_border_radius__hover_enabled=&#8221;off&#8221; button_two_border_radius__hover_enabled=&#8221;off&#8221; button_one_letter_spacing__hover_enabled=&#8221;on&#8221; button_one_letter_spacing__hover=&#8221;0&#8243; button_two_letter_spacing__hover_enabled=&#8221;on&#8221; button_two_letter_spacing__hover=&#8221;0&#8243; button_one_bg_color__hover_enabled=&#8221;off&#8221; button_two_bg_color__hover_enabled=&#8221;off&#8221;]<\/p>\n<div class=\"line\">\n<h1 style=\"text-align: center;\">Scorecard<\/h1>\n<\/div>\n<p>[\/et_pb_fullwidth_header][\/et_pb_section][et_pb_section fb_built=&#8221;1&#8243; custom_padding_last_edited=&#8221;on|desktop&#8221; admin_label=&#8221;section&#8221; _builder_version=&#8221;4.16&#8243; custom_padding_tablet=&#8221;50px|0|50px|0&#8243; custom_padding_phone=&#8221;50px|0|50px|0&#8243; transparent_background=&#8221;off&#8221; padding_mobile=&#8221;off&#8221; make_fullwidth=&#8221;off&#8221; use_custom_width=&#8221;off&#8221; width_unit=&#8221;on&#8221; global_colors_info=&#8221;{}&#8221;][et_pb_row _builder_version=&#8221;4.24.2&#8243; _module_preset=&#8221;default&#8221; column_structure=&#8221;1_3,1_3,1_3&#8243;][et_pb_column _builder_version=&#8221;4.24.2&#8243; _module_preset=&#8221;default&#8221; type=&#8221;1_3&#8243;][et_pb_number_counter title=&#8221;Par&#8221; number=&#8221;72&#8243; _builder_version=&#8221;4.24.2&#8243; _module_preset=&#8221;default&#8221; percent_sign=&#8221;off&#8221; hover_enabled=&#8221;0&#8243; sticky_enabled=&#8221;0&#8243;][\/et_pb_number_counter][\/et_pb_column][et_pb_column _builder_version=&#8221;4.24.2&#8243; _module_preset=&#8221;default&#8221; type=&#8221;1_3&#8243;][et_pb_number_counter title=&#8221;Slope&#8221; number=&#8221;145&#8243; _builder_version=&#8221;4.24.2&#8243; _module_preset=&#8221;default&#8221; percent_sign=&#8221;off&#8221; hover_enabled=&#8221;0&#8243; sticky_enabled=&#8221;0&#8243;][\/et_pb_number_counter][\/et_pb_column][et_pb_column _builder_version=&#8221;4.24.2&#8243; _module_preset=&#8221;default&#8221; type=&#8221;1_3&#8243;][et_pb_number_counter title=&#8221;Meters&#8221; number=&#8221;6105&#8243; _builder_version=&#8221;4.24.2&#8243; _module_preset=&#8221;default&#8221; percent_sign=&#8221;off&#8221; hover_enabled=&#8221;0&#8243; sticky_enabled=&#8221;0&#8243; number_text_color=&#8221;#aaaaaa&#8221;][\/et_pb_number_counter][\/et_pb_column][\/et_pb_row][et_pb_row column_structure=&#8221;2_3,1_3&#8243; use_custom_gutter=&#8221;on&#8221; padding_mobile=&#8221;off&#8221; make_equal=&#8221;on&#8221; column_padding_mobile=&#8221;on&#8221; admin_label=&#8221;Fila&#8221; _builder_version=&#8221;4.16&#8243; background_size=&#8221;initial&#8221; background_position=&#8221;top_left&#8221; background_repeat=&#8221;repeat&#8221; make_fullwidth=&#8221;off&#8221; use_custom_width=&#8221;off&#8221; width_unit=&#8221;on&#8221; global_colors_info=&#8221;{}&#8221;][et_pb_column type=&#8221;2_3&#8243; _builder_version=&#8221;4.16&#8243; custom_padding=&#8221;|||&#8221; global_colors_info=&#8221;{}&#8221; custom_padding__hover=&#8221;|||&#8221;][et_pb_text admin_label=&#8221;Texto&#8221; _builder_version=&#8221;4.16&#8243; background_color=&#8221;#449363&#8243; background_size=&#8221;initial&#8221; background_position=&#8221;top_left&#8221; background_repeat=&#8221;repeat&#8221; text_orientation=&#8221;center&#8221; background_layout=&#8221;dark&#8221; module_alignment=&#8221;center&#8221; use_border_color=&#8221;off&#8221; border_color=&#8221;#ffffff&#8221; border_style=&#8221;solid&#8221; global_colors_info=&#8221;{}&#8221;]<\/p>\n<h4 style=\"text-align: center;\">Course<\/h4>\n<p>[\/et_pb_text][et_pb_divider show_divider=&#8221;off&#8221; admin_label=&#8221;Separador&#8221; _builder_version=&#8221;4.16&#8243; height=&#8221;10px&#8221; hide_on_mobile=&#8221;off&#8221; global_colors_info=&#8221;{}&#8221;] [\/et_pb_divider][et_pb_image src=&#8221;https:\/\/www.golfantequera.com\/wp-content\/uploads\/2016\/11\/plano-campo.jpg&#8221; alt=&#8221;plano con hoyos y tarjeta del campo&#8221; title_text=&#8221;Hoyos del campo &#8221; show_in_lightbox=&#8221;on&#8221; use_overlay=&#8221;on&#8221; overlay_icon_color=&#8221;#ffffff&#8221; hover_overlay_color=&#8221;rgba(44,78,58,0.75)&#8221; hover_icon=&#8221;&#x54;||divi||400&#8243; show_bottom_space=&#8221;off&#8221; align=&#8221;center&#8221; align_tablet=&#8221;center&#8221; align_phone=&#8221;center&#8221; align_last_edited=&#8221;on|desktop&#8221; admin_label=&#8221;Imagen&#8221; _builder_version=&#8221;4.16&#8243; use_border_color=&#8221;off&#8221; border_color=&#8221;#ffffff&#8221; border_style=&#8221;solid&#8221; animation=&#8221;off&#8221; sticky=&#8221;on&#8221; always_center_on_mobile=&#8221;on&#8221; global_colors_info=&#8221;{}&#8221;] [\/et_pb_image][et_pb_divider show_divider=&#8221;off&#8221; admin_label=&#8221;Separador&#8221; _builder_version=&#8221;4.16&#8243; height=&#8221;10px&#8221; hide_on_mobile=&#8221;off&#8221; global_colors_info=&#8221;{}&#8221;] [\/et_pb_divider][et_pb_code admin_label=&#8221;C\u00f3digo&#8221; _builder_version=&#8221;4.16&#8243; global_colors_info=&#8221;{}&#8221;]<\/p>\n<div class=\"et_pb_button_module_wrapper et_pb_module md-enlace\"> <a class=\"et_pb_button et_pb_module et_pb_bg_layout_light\" href=\"\/en\/the-golf-course\/hole-1\/\">Holes<\/a> <a class=\"et_pb_button et_pb_module et_pb_bg_layout_light\" href=\"\/wp-content\/uploads\/2017\/01\/SLOPE-ANTEQUERA-GOLF.pdf\">Slope<\/a> <\/div>\n<p>[\/et_pb_code][\/et_pb_column][et_pb_column type=&#8221;1_3&#8243; _builder_version=&#8221;4.16&#8243; custom_padding=&#8221;|||&#8221; global_colors_info=&#8221;{}&#8221; custom_padding__hover=&#8221;|||&#8221;][et_pb_text admin_label=&#8221;Texto&#8221; _builder_version=&#8221;4.16&#8243; background_color=&#8221;#449363&#8243; background_size=&#8221;initial&#8221; background_position=&#8221;top_left&#8221; background_repeat=&#8221;repeat&#8221; text_orientation=&#8221;center&#8221; background_layout=&#8221;dark&#8221; module_alignment=&#8221;center&#8221; use_border_color=&#8221;off&#8221; border_color=&#8221;#ffffff&#8221; border_style=&#8221;solid&#8221; global_colors_info=&#8221;{}&#8221;]<\/p>\n<h4 style=\"text-align: center;\">Scorecard<\/h4>\n<p>[\/et_pb_text][et_pb_code admin_label=&#8221;C\u00f3digo&#8221; _builder_version=&#8221;4.16&#8243; global_colors_info=&#8221;{}&#8221;]<\/p>\n<table cellspacing=\"0\" cellpadding=\"0\" border=\"0\" class=\"tarj-tab\">\n<tbody>\n<tr class=\"head\">\n<td class=\"hoyo\">HOLE<\/td>\n<td class=\"par\">PAR<\/td>\n<td class=\"handic\">M-F<\/td>\n<td class=\"blanco\">\u2022<\/td>\n<td class=\"allo\">\u2022<\/td>\n<td class=\"azul\">\u2022<\/td>\n<td class=\"rojo\">\u2022<\/td>\n<\/tr>\n<tr>\n<td class=\"hoyo\">1<\/td>\n<td class=\"par\">4<\/td>\n<td class=\"handic\">8-6<\/td>\n<td class=\"blanco\">362<\/td>\n<td class=\"allo\">359<\/td>\n<td class=\"azul\">341<\/td>\n<td class=\"rojo\">329<\/td>\n<\/tr>\n<tr>\n<td class=\"hoyo\">2<\/td>\n<td class=\"par\">5<\/td>\n<td class=\"handic\">18-8<\/td>\n<td class=\"blanco\">447<\/td>\n<td class=\"allo\">447<\/td>\n<td class=\"azul\">416<\/td>\n<td class=\"rojo\">399<\/td>\n<\/tr>\n<tr>\n<td class=\"hoyo\">3<\/td>\n<td class=\"par\">4<\/td>\n<td class=\"handic\">3-4<\/td>\n<td class=\"blanco\">358<\/td>\n<td class=\"allo\">305<\/td>\n<td class=\"azul\">300<\/td>\n<td class=\"rojo\">278<\/td>\n<\/tr>\n<tr>\n<td class=\"hoyo\">4<\/td>\n<td class=\"par\">3<\/td>\n<td class=\"handic\">13-14<\/td>\n<td class=\"blanco\">180<\/td>\n<td class=\"allo\">175<\/td>\n<td class=\"azul\">161<\/td>\n<td class=\"rojo\">140<\/td>\n<\/tr>\n<tr>\n<td class=\"hoyo\">5<\/td>\n<td class=\"par\">5<\/td>\n<td class=\"handic\">2-10<\/td>\n<td class=\"blanco\">528<\/td>\n<td class=\"allo\">496<\/td>\n<td class=\"azul\">450<\/td>\n<td class=\"rojo\">375<\/td>\n<\/tr>\n<tr>\n<td class=\"hoyo\">6<\/td>\n<td class=\"par\">3<\/td>\n<td class=\"handic\">14-16<\/td>\n<td class=\"blanco\">150<\/td>\n<td class=\"allo\">145<\/td>\n<td class=\"azul\">112<\/td>\n<td class=\"rojo\">97<\/td>\n<\/tr>\n<tr>\n<td class=\"hoyo\">7<\/td>\n<td class=\"par\">4<\/td>\n<td class=\"handic\">5-2<\/td>\n<td class=\"blanco\">320<\/td>\n<td class=\"allo\">304<\/td>\n<td class=\"azul\">293<\/td>\n<td class=\"rojo\">263<\/td>\n<\/tr>\n<tr>\n<td class=\"hoyo\">8<\/td>\n<td class=\"par\">4<\/td>\n<td class=\"handic\">11-12<\/td>\n<td class=\"blanco\">325<\/td>\n<td class=\"allo\">289<\/td>\n<td class=\"azul\">280<\/td>\n<td class=\"rojo\">239<\/td>\n<\/tr>\n<tr>\n<td class=\"hoyo\">9<\/td>\n<td class=\"par\">4<\/td>\n<td class=\"handic\">16-18<\/td>\n<td class=\"blanco\">296<\/td>\n<td class=\"allo\">274<\/td>\n<td class=\"azul\">261<\/td>\n<td class=\"rojo\">217<\/td>\n<\/tr>\n<tr class=\"vuelta\">\n<td class=\"hoyo\"> <\/td>\n<td class=\"par\">36<\/td>\n<td class=\"handic\"> <\/td>\n<td class=\"blanco\">2966<\/td>\n<td class=\"allo\">2784<\/td>\n<td class=\"azul\">2164<\/td>\n<td class=\"rojo\">2337<\/td>\n<\/tr>\n<tr>\n<td class=\"hoyo\">10<\/td>\n<td class=\"par\">4<\/td>\n<td class=\"handic\">1-1<\/td>\n<td class=\"blanco\">436<\/td>\n<td class=\"allo\">396<\/td>\n<td class=\"azul\">363<\/td>\n<td class=\"rojo\">345<\/td>\n<\/tr>\n<tr>\n<td class=\"hoyo\">11<\/td>\n<td class=\"par\">4<\/td>\n<td class=\"handic\">10-5<\/td>\n<td class=\"blanco\">343<\/td>\n<td class=\"allo\">338<\/td>\n<td class=\"azul\">302<\/td>\n<td class=\"rojo\">281<\/td>\n<\/tr>\n<tr>\n<td class=\"hoyo\">12<\/td>\n<td class=\"par\">4<\/td>\n<td class=\"handic\">17-17<\/td>\n<td class=\"blanco\">289<\/td>\n<td class=\"allo\">280<\/td>\n<td class=\"azul\">271<\/td>\n<td class=\"rojo\">259<\/td>\n<\/tr>\n<tr>\n<td class=\"hoyo\">13<\/td>\n<td class=\"par\">4<\/td>\n<td class=\"handic\">4-3<\/td>\n<td class=\"blanco\">391<\/td>\n<td class=\"allo\">379<\/td>\n<td class=\"azul\">310<\/td>\n<td class=\"rojo\">305<\/td>\n<\/tr>\n<tr>\n<td class=\"hoyo\">14<\/td>\n<td class=\"par\">5<\/td>\n<td class=\"handic\">6-9<\/td>\n<td class=\"blanco\">573<\/td>\n<td class=\"allo\">548<\/td>\n<td class=\"azul\">526<\/td>\n<td class=\"rojo\">396<\/td>\n<\/tr>\n<tr>\n<td class=\"hoyo\">15<\/td>\n<td class=\"par\">5<\/td>\n<td class=\"handic\">9-11<\/td>\n<td class=\"blanco\">458<\/td>\n<td class=\"allo\">434<\/td>\n<td class=\"azul\">416<\/td>\n<td class=\"rojo\">390<\/td>\n<\/tr>\n<tr>\n<td class=\"hoyo\">16<\/td>\n<td class=\"par\">3<\/td>\n<td class=\"handic\">7-7<\/td>\n<td class=\"blanco\">188<\/td>\n<td class=\"allo\">163<\/td>\n<td class=\"azul\">150<\/td>\n<td class=\"rojo\">110<\/td>\n<\/tr>\n<tr>\n<td class=\"hoyo\">17<\/td>\n<td class=\"par\">4<\/td>\n<td class=\"handic\">12-13<\/td>\n<td class=\"blanco\">305<\/td>\n<td class=\"allo\">294<\/td>\n<td class=\"azul\">287<\/td>\n<td class=\"rojo\">246<\/td>\n<\/tr>\n<tr>\n<td class=\"hoyo\">18<\/td>\n<td class=\"par\">3<\/td>\n<td class=\"handic\">15-15<\/td>\n<td class=\"blanco\">156<\/td>\n<td class=\"allo\">140<\/td>\n<td class=\"azul\">133<\/td>\n<td class=\"rojo\">116<\/td>\n<\/tr>\n<tr class=\"vuelta\">\n<td class=\"hoyo\"><\/td>\n<td class=\"par\">36<\/td>\n<td class=\"handic\"><\/td>\n<td class=\"blanco\">3139<\/td>\n<td class=\"allo\">2972<\/td>\n<td class=\"azul\">2758<\/td>\n<td class=\"rojo\">2448<\/td>\n<\/tr>\n<tr class=\"total\">\n<td class=\"hoyo\"><\/td>\n<td class=\"par\">72<\/td>\n<td class=\"handic\"><\/td>\n<td class=\"blanco\">6105<\/td>\n<td class=\"allo\">5758<\/td>\n<td class=\"azul\">5372<\/td>\n<td class=\"rojo\">4785<\/td>\n<\/tr>\n<\/tbody>\n<\/table>\n<p>[\/et_pb_code][\/et_pb_column][\/et_pb_row][\/et_pb_section]<\/p>\n","protected":false},"excerpt":{"rendered":"<p>Scorecard Course Scorecard<\/p>\n","protected":false},"author":1,"featured_media":0,"parent":830,"menu_order":0,"comment_status":"closed","ping_status":"closed","template":"","meta":{"_et_pb_use_builder":"on","_et_pb_old_content":"","_et_gb_content_width":"","footnotes":""},"yoast_head":"<!-- This site is optimized with the Yoast SEO plugin v22.5 - https:\/\/yoast.com\/wordpress\/plugins\/seo\/ -->\n<title>Tarjeta del campo para su juego I Campo Antequera Golf<\/title>\n<meta name=\"description\" content=\"Tarjeta del campo Antequera Golf. Consulte aqu\u00ed toda la informaci\u00f3n de este campo de 18 hoyos y par 72 ubicado en Antequera (M\u00e1laga)\" \/>\n<meta name=\"robots\" content=\"index, follow, max-snippet:-1, max-image-preview:large, max-video-preview:-1\" \/>\n<link rel=\"canonical\" href=\"https:\/\/www.golfantequera.com\/el-campo\/tarjeta-del-campo\/\" \/>\n<meta property=\"og:locale\" content=\"en_US\" \/>\n<meta property=\"og:type\" content=\"article\" \/>\n<meta property=\"og:title\" content=\"Tarjeta del campo para su juego I Campo Antequera Golf\" \/>\n<meta property=\"og:description\" content=\"Tarjeta del campo Antequera Golf. Consulte aqu\u00ed toda la informaci\u00f3n de este campo de 18 hoyos y par 72 ubicado en Antequera (M\u00e1laga)\" \/>\n<meta property=\"og:url\" content=\"https:\/\/www.golfantequera.com\/el-campo\/tarjeta-del-campo\/\" \/>\n<meta property=\"og:site_name\" content=\"Antequera Golf Course\" \/>\n<meta property=\"article:modified_time\" content=\"2024-03-05T12:05:39+00:00\" \/>\n<meta name=\"twitter:card\" content=\"summary_large_image\" \/>\n<meta name=\"twitter:label1\" content=\"Est. reading time\" \/>\n\t<meta name=\"twitter:data1\" content=\"4 minutes\" \/>\n<script type=\"application\/ld+json\" class=\"yoast-schema-graph\">{\"@context\":\"https:\/\/schema.org\",\"@graph\":[{\"@type\":\"WebPage\",\"@id\":\"https:\/\/www.golfantequera.com\/el-campo\/tarjeta-del-campo\/\",\"url\":\"https:\/\/www.golfantequera.com\/el-campo\/tarjeta-del-campo\/\",\"name\":\"Tarjeta del campo para su juego I Campo Antequera Golf\",\"isPartOf\":{\"@id\":\"https:\/\/www.golfantequera.com\/#website\"},\"datePublished\":\"2017-04-16T12:14:20+00:00\",\"dateModified\":\"2024-03-05T12:05:39+00:00\",\"description\":\"Tarjeta del campo Antequera Golf. Consulte aqu\u00ed toda la informaci\u00f3n de este campo de 18 hoyos y par 72 ubicado en Antequera (M\u00e1laga)\",\"breadcrumb\":{\"@id\":\"https:\/\/www.golfantequera.com\/el-campo\/tarjeta-del-campo\/#breadcrumb\"},\"inLanguage\":\"en-US\",\"potentialAction\":[{\"@type\":\"ReadAction\",\"target\":[\"https:\/\/www.golfantequera.com\/el-campo\/tarjeta-del-campo\/\"]}]},{\"@type\":\"BreadcrumbList\",\"@id\":\"https:\/\/www.golfantequera.com\/el-campo\/tarjeta-del-campo\/#breadcrumb\",\"itemListElement\":[{\"@type\":\"ListItem\",\"position\":1,\"name\":\"Portada\",\"item\":\"https:\/\/www.golfantequera.com\/\"},{\"@type\":\"ListItem\",\"position\":2,\"name\":\"The Golf Course\",\"item\":\"https:\/\/www.golfantequera.com\/el-campo\/\"},{\"@type\":\"ListItem\",\"position\":3,\"name\":\"Scorecard\"}]},{\"@type\":\"WebSite\",\"@id\":\"https:\/\/www.golfantequera.com\/#website\",\"url\":\"https:\/\/www.golfantequera.com\/\",\"name\":\"Antequera Golf Course\",\"description\":\"Golf course in Antequera\",\"publisher\":{\"@id\":\"https:\/\/www.golfantequera.com\/#organization\"},\"potentialAction\":[{\"@type\":\"SearchAction\",\"target\":{\"@type\":\"EntryPoint\",\"urlTemplate\":\"https:\/\/www.golfantequera.com\/?s={search_term_string}\"},\"query-input\":\"required name=search_term_string\"}],\"inLanguage\":\"en-US\"},{\"@type\":\"Organization\",\"@id\":\"https:\/\/www.golfantequera.com\/#organization\",\"name\":\"Campo Antequera Golf\",\"url\":\"https:\/\/www.golfantequera.com\/\",\"logo\":{\"@type\":\"ImageObject\",\"inLanguage\":\"en-US\",\"@id\":\"https:\/\/www.golfantequera.com\/#\/schema\/logo\/image\/\",\"url\":\"https:\/\/www.golfantequera.com\/wp-content\/uploads\/2025\/03\/Logotipo-Antequera-Golf-horizontal-web.png\",\"contentUrl\":\"https:\/\/www.golfantequera.com\/wp-content\/uploads\/2025\/03\/Logotipo-Antequera-Golf-horizontal-web.png\",\"width\":600,\"height\":193,\"caption\":\"Campo Antequera Golf\"},\"image\":{\"@id\":\"https:\/\/www.golfantequera.com\/#\/schema\/logo\/image\/\"}}]}<\/script>\n<!-- \/ Yoast SEO plugin. -->","yoast_head_json":{"title":"Tarjeta del campo para su juego I Campo Antequera Golf","description":"Tarjeta del campo Antequera Golf. Consulte aqu\u00ed toda la informaci\u00f3n de este campo de 18 hoyos y par 72 ubicado en Antequera (M\u00e1laga)","robots":{"index":"index","follow":"follow","max-snippet":"max-snippet:-1","max-image-preview":"max-image-preview:large","max-video-preview":"max-video-preview:-1"},"canonical":"https:\/\/www.golfantequera.com\/el-campo\/tarjeta-del-campo\/","og_locale":"en_US","og_type":"article","og_title":"Tarjeta del campo para su juego I Campo Antequera Golf","og_description":"Tarjeta del campo Antequera Golf. Consulte aqu\u00ed toda la informaci\u00f3n de este campo de 18 hoyos y par 72 ubicado en Antequera (M\u00e1laga)","og_url":"https:\/\/www.golfantequera.com\/el-campo\/tarjeta-del-campo\/","og_site_name":"Antequera Golf Course","article_modified_time":"2024-03-05T12:05:39+00:00","twitter_card":"summary_large_image","twitter_misc":{"Est. reading time":"4 minutes"},"schema":{"@context":"https:\/\/schema.org","@graph":[{"@type":"WebPage","@id":"https:\/\/www.golfantequera.com\/el-campo\/tarjeta-del-campo\/","url":"https:\/\/www.golfantequera.com\/el-campo\/tarjeta-del-campo\/","name":"Tarjeta del campo para su juego I Campo Antequera Golf","isPartOf":{"@id":"https:\/\/www.golfantequera.com\/#website"},"datePublished":"2017-04-16T12:14:20+00:00","dateModified":"2024-03-05T12:05:39+00:00","description":"Tarjeta del campo Antequera Golf. Consulte aqu\u00ed toda la informaci\u00f3n de este campo de 18 hoyos y par 72 ubicado en Antequera (M\u00e1laga)","breadcrumb":{"@id":"https:\/\/www.golfantequera.com\/el-campo\/tarjeta-del-campo\/#breadcrumb"},"inLanguage":"en-US","potentialAction":[{"@type":"ReadAction","target":["https:\/\/www.golfantequera.com\/el-campo\/tarjeta-del-campo\/"]}]},{"@type":"BreadcrumbList","@id":"https:\/\/www.golfantequera.com\/el-campo\/tarjeta-del-campo\/#breadcrumb","itemListElement":[{"@type":"ListItem","position":1,"name":"Portada","item":"https:\/\/www.golfantequera.com\/"},{"@type":"ListItem","position":2,"name":"The Golf Course","item":"https:\/\/www.golfantequera.com\/el-campo\/"},{"@type":"ListItem","position":3,"name":"Scorecard"}]},{"@type":"WebSite","@id":"https:\/\/www.golfantequera.com\/#website","url":"https:\/\/www.golfantequera.com\/","name":"Antequera Golf Course","description":"Golf course in Antequera","publisher":{"@id":"https:\/\/www.golfantequera.com\/#organization"},"potentialAction":[{"@type":"SearchAction","target":{"@type":"EntryPoint","urlTemplate":"https:\/\/www.golfantequera.com\/?s={search_term_string}"},"query-input":"required name=search_term_string"}],"inLanguage":"en-US"},{"@type":"Organization","@id":"https:\/\/www.golfantequera.com\/#organization","name":"Campo Antequera Golf","url":"https:\/\/www.golfantequera.com\/","logo":{"@type":"ImageObject","inLanguage":"en-US","@id":"https:\/\/www.golfantequera.com\/#\/schema\/logo\/image\/","url":"https:\/\/www.golfantequera.com\/wp-content\/uploads\/2025\/03\/Logotipo-Antequera-Golf-horizontal-web.png","contentUrl":"https:\/\/www.golfantequera.com\/wp-content\/uploads\/2025\/03\/Logotipo-Antequera-Golf-horizontal-web.png","width":600,"height":193,"caption":"Campo Antequera Golf"},"image":{"@id":"https:\/\/www.golfantequera.com\/#\/schema\/logo\/image\/"}}]}},"_links":{"self":[{"href":"https:\/\/www.golfantequera.com\/en\/wp-json\/wp\/v2\/pages\/916"}],"collection":[{"href":"https:\/\/www.golfantequera.com\/en\/wp-json\/wp\/v2\/pages"}],"about":[{"href":"https:\/\/www.golfantequera.com\/en\/wp-json\/wp\/v2\/types\/page"}],"author":[{"embeddable":true,"href":"https:\/\/www.golfantequera.com\/en\/wp-json\/wp\/v2\/users\/1"}],"replies":[{"embeddable":true,"href":"https:\/\/www.golfantequera.com\/en\/wp-json\/wp\/v2\/comments?post=916"}],"version-history":[{"count":13,"href":"https:\/\/www.golfantequera.com\/en\/wp-json\/wp\/v2\/pages\/916\/revisions"}],"predecessor-version":[{"id":2741,"href":"https:\/\/www.golfantequera.com\/en\/wp-json\/wp\/v2\/pages\/916\/revisions\/2741"}],"up":[{"embeddable":true,"href":"https:\/\/www.golfantequera.com\/en\/wp-json\/wp\/v2\/pages\/830"}],"wp:attachment":[{"href":"https:\/\/www.golfantequera.com\/en\/wp-json\/wp\/v2\/media?parent=916"}],"curies":[{"name":"wp","href":"https:\/\/api.w.org\/{rel}","templated":true}]}}