{"id":826,"date":"2016-11-22T00:40:38","date_gmt":"2016-11-22T00:40:38","guid":{"rendered":"http:\/\/www.golfantequera.com\/home\/"},"modified":"2017-04-16T11:23:12","modified_gmt":"2017-04-16T11:23:12","slug":"home","status":"publish","type":"page","link":"https:\/\/www.golfantequera.com\/en\/home\/","title":{"rendered":"home"},"content":{"rendered":"<p>[et_pb_section admin_label=&#8221;Secci\u00f3n&#8221; fullwidth=&#8221;on&#8221; specialty=&#8221;off&#8221; background_image=&#8221;https:\/\/www.golfantequera.com\/wp-content\/uploads\/2016\/11\/wag-homeFW.jpg&#8221; transparent_background=&#8221;off&#8221; allow_player_pause=&#8221;off&#8221; inner_shadow=&#8221;off&#8221; parallax=&#8221;on&#8221; parallax_method=&#8221;off&#8221; padding_mobile=&#8221;off&#8221; make_fullwidth=&#8221;off&#8221; use_custom_width=&#8221;off&#8221; width_unit=&#8221;on&#8221; make_equal=&#8221;off&#8221; use_custom_gutter=&#8221;off&#8221; module_class=&#8221;sc-cab somb&#8221;][et_pb_fullwidth_header admin_label=&#8221;T\u00edtulo de anchura completa&#8221; background_layout=&#8221;dark&#8221; text_orientation=&#8221;center&#8221; header_fullscreen=&#8221;off&#8221; header_scroll_down=&#8221;off&#8221; parallax=&#8221;off&#8221; parallax_method=&#8221;off&#8221; content_orientation=&#8221;center&#8221; image_orientation=&#8221;center&#8221; custom_button_one=&#8221;off&#8221; button_one_letter_spacing=&#8221;0&#8243; button_one_use_icon=&#8221;default&#8221; button_one_icon_placement=&#8221;right&#8221; button_one_on_hover=&#8221;on&#8221; button_one_letter_spacing_hover=&#8221;0&#8243; custom_button_two=&#8221;off&#8221; button_two_letter_spacing=&#8221;0&#8243; button_two_use_icon=&#8221;default&#8221; button_two_icon_placement=&#8221;right&#8221; button_two_on_hover=&#8221;on&#8221; button_two_letter_spacing_hover=&#8221;0&#8243;]<\/p>\n<div class=\"line\">\n<h3 style=\"text-align: center;\">Antequera Golf<\/h3>\n<\/div>\n<h1 class=\"tit\" style=\"text-align: center;\">18 SPECTACULAR HOLES<\/h1>\n<h1 class=\"stit\" style=\"text-align: center;\">IN THE HEART OF ANDALUCIA<\/h1>\n<p>[\/et_pb_fullwidth_header][\/et_pb_section][et_pb_section admin_label=&#8221;Secci\u00f3n&#8221; fullwidth=&#8221;off&#8221; specialty=&#8221;off&#8221;][et_pb_row admin_label=&#8221;Fila&#8221; make_fullwidth=&#8221;off&#8221; use_custom_width=&#8221;on&#8221; width_unit=&#8221;on&#8221; custom_width_px=&#8221;840px&#8221; use_custom_gutter=&#8221;on&#8221; padding_mobile=&#8221;on&#8221; allow_player_pause=&#8221;off&#8221; parallax=&#8221;off&#8221; parallax_method=&#8221;off&#8221; make_equal=&#8221;off&#8221; parallax_1=&#8221;off&#8221; parallax_method_1=&#8221;off&#8221; parallax_2=&#8221;off&#8221; parallax_method_2=&#8221;off&#8221; parallax_3=&#8221;off&#8221; parallax_method_3=&#8221;off&#8221; parallax_4=&#8221;off&#8221; parallax_method_4=&#8221;off&#8221; column_padding_mobile=&#8221;on&#8221; gutter_width=&#8221;1&#8243; module_class_1=&#8221;numb&#8221; module_class_2=&#8221;numb&#8221; module_class_3=&#8221;numb&#8221; module_class_4=&#8221;numb&#8221;][et_pb_column type=&#8221;1_4&#8243;][et_pb_number_counter admin_label=&#8221;Contador de n\u00famero&#8221; title=&#8221;Hectares&#8221; number=&#8221;35&#8243; percent_sign=&#8221;off&#8221; counter_color=&#8221;#449363&#8243; background_layout=&#8221;light&#8221; use_border_color=&#8221;off&#8221; border_color=&#8221;#ffffff&#8221; border_style=&#8221;solid&#8221; number_font=&#8221;Playfair Display|on|||&#8221; title_font_size=&#8221;24&#8243; number_line_height=&#8221;75px&#8221;]<\/p>\n<p>[\/et_pb_number_counter][\/et_pb_column][et_pb_column type=&#8221;1_4&#8243;][et_pb_number_counter admin_label=&#8221;Contador de n\u00famero&#8221; title=&#8221;Holes&#8221; number=&#8221;18&#8243; percent_sign=&#8221;off&#8221; counter_color=&#8221;#449363&#8243; background_layout=&#8221;light&#8221; use_border_color=&#8221;off&#8221; border_color=&#8221;#ffffff&#8221; border_style=&#8221;solid&#8221; number_font=&#8221;Playfair Display|on|||&#8221; title_font_size=&#8221;24&#8243; number_line_height=&#8221;75px&#8221;]<\/p>\n<p>[\/et_pb_number_counter][\/et_pb_column][et_pb_column type=&#8221;1_4&#8243;][et_pb_number_counter admin_label=&#8221;Contador de n\u00famero&#8221; title=&#8221;Par&#8221; number=&#8221;72&#8243; percent_sign=&#8221;off&#8221; counter_color=&#8221;#449363&#8243; background_layout=&#8221;light&#8221; use_border_color=&#8221;off&#8221; border_color=&#8221;#ffffff&#8221; border_style=&#8221;solid&#8221; number_font=&#8221;Playfair Display|on|||&#8221; title_font_size=&#8221;24&#8243; number_line_height=&#8221;75px&#8221;]<\/p>\n<p>[\/et_pb_number_counter][\/et_pb_column][et_pb_column type=&#8221;1_4&#8243;][et_pb_number_counter admin_label=&#8221;Contador de n\u00famero&#8221; title=&#8221;Slope&#8221; number=&#8221;145&#8243; percent_sign=&#8221;off&#8221; counter_color=&#8221;#449363&#8243; background_layout=&#8221;light&#8221; use_border_color=&#8221;off&#8221; border_color=&#8221;#ffffff&#8221; border_style=&#8221;solid&#8221; number_font=&#8221;Playfair Display|on|||&#8221; title_font_size=&#8221;24&#8243; number_line_height=&#8221;75px&#8221;]<\/p>\n<p>[\/et_pb_number_counter][\/et_pb_column][\/et_pb_row][et_pb_row admin_label=&#8221;Fila&#8221; make_fullwidth=&#8221;off&#8221; use_custom_width=&#8221;on&#8221; width_unit=&#8221;on&#8221; custom_width_px=&#8221;840px&#8221; use_custom_gutter=&#8221;off&#8221; padding_mobile=&#8221;off&#8221; allow_player_pause=&#8221;off&#8221; parallax=&#8221;off&#8221; parallax_method=&#8221;off&#8221; make_equal=&#8221;off&#8221; parallax_1=&#8221;off&#8221; parallax_method_1=&#8221;off&#8221; column_padding_mobile=&#8221;on&#8221;][et_pb_column type=&#8221;4_4&#8243;][et_pb_text admin_label=&#8221;Texto&#8221; background_layout=&#8221;light&#8221; text_orientation=&#8221;center&#8221; use_border_color=&#8221;off&#8221; border_color=&#8221;#ffffff&#8221; border_style=&#8221;solid&#8221;]<\/p>\n<p style=\"text-align: center;\"><strong>Antequera Golf<\/strong> is much more than a beautiful <strong>18 hole golf course<\/strong> located in the centre of Andalucia, at the base of the Natural Park of El Torcal of Antequera (Malaga). It is a demanding golf course, as well as being ecological and surrounded by protected species. It is perfect for experiencing <strong>the best golf in privileged surroundings<\/strong> with spectacular views and all the facilities you may need.<\/p>\n<p style=\"text-align: center;\">If you really love golf and are a golfer, this is the course for you. <strong>Welcome to Antequera Golf Course<\/strong>.\n<\/p>\n<p>[\/et_pb_text][\/et_pb_column][\/et_pb_row][\/et_pb_section][et_pb_section admin_label=&#8221;Secci\u00f3n&#8221; fullwidth=&#8221;off&#8221; specialty=&#8221;off&#8221;][et_pb_row admin_label=&#8221;Fila&#8221; make_fullwidth=&#8221;off&#8221; use_custom_width=&#8221;off&#8221; width_unit=&#8221;off&#8221; use_custom_gutter=&#8221;on&#8221; padding_mobile=&#8221;off&#8221; allow_player_pause=&#8221;off&#8221; parallax=&#8221;off&#8221; parallax_method=&#8221;off&#8221; make_equal=&#8221;on&#8221; parallax_1=&#8221;off&#8221; parallax_method_1=&#8221;off&#8221; parallax_2=&#8221;off&#8221; parallax_method_2=&#8221;off&#8221; parallax_3=&#8221;off&#8221; parallax_method_3=&#8221;off&#8221; column_padding_mobile=&#8221;on&#8221; custom_width_percent=&#8221;100%&#8221; gutter_width=&#8221;2&#8243; background_color_1=&#8221;#bec7c2&#8243; background_color_2=&#8221;#bec7c2&#8243; background_color_3=&#8221;#bec7c2&#8243;][et_pb_column type=&#8221;1_3&#8243;][et_pb_blurb admin_label=&#8221;Anuncio&#8221; title=&#8221;Accommodation + Golf&#8221; url_new_window=&#8221;off&#8221; use_icon=&#8221;off&#8221; icon_color=&#8221;#449363&#8243; use_circle=&#8221;off&#8221; circle_color=&#8221;#449363&#8243; use_circle_border=&#8221;off&#8221; circle_border_color=&#8221;#449363&#8243; image=&#8221;https:\/\/www.golfantequera.com\/wp-content\/uploads\/2016\/11\/ic-palos.png&#8221; icon_placement=&#8221;top&#8221; animation=&#8221;top&#8221; background_layout=&#8221;light&#8221; text_orientation=&#8221;center&#8221; max_width=&#8221;80px&#8221; use_icon_font_size=&#8221;off&#8221; header_text_color=&#8221;#449363&#8243; use_border_color=&#8221;off&#8221; border_color=&#8221;#ffffff&#8221; border_style=&#8221;solid&#8221; custom_padding=&#8221;20px|15px|15px|15px&#8221; header_font=&#8221;Oswald||||&#8221; header_font_size=&#8221;22&#8243;]Special packages for Golf&#038;Hotel in our 4* and 5* hotels.<br \/>\nProposals created for and by golfers, including golf, gastronomy, relaxing and leisure activities in order to fully enjoy your visit to Antequera Golf.<\/p>\n<p>[\/et_pb_blurb][\/et_pb_column][et_pb_column type=&#8221;1_3&#8243;][et_pb_blurb admin_label=&#8221;Anuncio&#8221; title=&#8221;Grenfee&#8221; url_new_window=&#8221;off&#8221; use_icon=&#8221;off&#8221; icon_color=&#8221;#449363&#8243; use_circle=&#8221;off&#8221; circle_color=&#8221;#449363&#8243; use_circle_border=&#8221;off&#8221; circle_border_color=&#8221;#449363&#8243; image=&#8221;https:\/\/www.golfantequera.com\/wp-content\/uploads\/2016\/11\/ic-bola.png&#8221; icon_placement=&#8221;top&#8221; animation=&#8221;top&#8221; background_layout=&#8221;light&#8221; text_orientation=&#8221;center&#8221; max_width=&#8221;80px&#8221; use_icon_font_size=&#8221;off&#8221; header_text_color=&#8221;#449363&#8243; use_border_color=&#8221;off&#8221; border_color=&#8221;#ffffff&#8221; border_style=&#8221;solid&#8221; custom_padding=&#8221;20px|15px|15px|15px&#8221; header_font=&#8221;Oswald||||&#8221; header_font_size=&#8221;22&#8243;]Reserve your green fee at Antequera Golf<br \/>\nPut your handicap to the test and challenge yourself in one of our more than 20 annual tournaments or play a day of golf you will never forget.[\/et_pb_blurb][\/et_pb_column][et_pb_column type=&#8221;1_3&#8243;][et_pb_blurb admin_label=&#8221;Anuncio&#8221; title=&#8221;Released&#8221; url_new_window=&#8221;off&#8221; use_icon=&#8221;off&#8221; icon_color=&#8221;#449363&#8243; use_circle=&#8221;off&#8221; circle_color=&#8221;#449363&#8243; use_circle_border=&#8221;off&#8221; circle_border_color=&#8221;#449363&#8243; image=&#8221;https:\/\/www.golfantequera.com\/wp-content\/uploads\/2016\/11\/ic-hoyo.png&#8221; icon_placement=&#8221;top&#8221; animation=&#8221;top&#8221; background_layout=&#8221;light&#8221; text_orientation=&#8221;center&#8221; max_width=&#8221;80px&#8221; use_icon_font_size=&#8221;off&#8221; header_text_color=&#8221;#449363&#8243; use_border_color=&#8221;off&#8221; border_color=&#8221;#ffffff&#8221; border_style=&#8221;solid&#8221; custom_padding=&#8221;20px|15px|15px|15px&#8221; header_font=&#8221;Oswald||||&#8221; header_font_size=&#8221;22&#8243;]The best located 18 hole golf course in Andalucia.<br \/>\nEnjoy your stay and find out for yourself the advantages of being on such a strategically located golf course.<\/p>\n<p>[\/et_pb_blurb][\/et_pb_column][\/et_pb_row][et_pb_row admin_label=&#8221;Fila&#8221;][et_pb_column type=&#8221;4_4&#8243;][et_pb_image admin_label=&#8221;Imagen&#8221; src=&#8221;https:\/\/www.golfantequera.com\/wp-content\/uploads\/2016\/11\/Panoramica_3.jpg&#8221; show_in_lightbox=&#8221;off&#8221; url_new_window=&#8221;off&#8221; use_overlay=&#8221;off&#8221; animation=&#8221;left&#8221; sticky=&#8221;off&#8221; align=&#8221;left&#8221; force_fullwidth=&#8221;off&#8221; always_center_on_mobile=&#8221;on&#8221; use_border_color=&#8221;off&#8221; border_color=&#8221;#ffffff&#8221; border_style=&#8221;solid&#8221; alt=&#8221;panor\u00e1mica con dos lagos en antequera golf&#8221; title_text=&#8221;Panor\u00e1mica del campo antequera golf&#8221;]<\/p>\n<p>[\/et_pb_image][\/et_pb_column][\/et_pb_row][\/et_pb_section][et_pb_section admin_label=&#8221;Secci\u00f3n&#8221; fullwidth=&#8221;off&#8221; specialty=&#8221;on&#8221; transparent_background=&#8221;off&#8221; allow_player_pause=&#8221;off&#8221; inner_shadow=&#8221;off&#8221; parallax=&#8221;off&#8221; parallax_method=&#8221;off&#8221; padding_mobile=&#8221;off&#8221; make_fullwidth=&#8221;off&#8221; use_custom_width=&#8221;off&#8221; width_unit=&#8221;on&#8221; make_equal=&#8221;on&#8221; use_custom_gutter=&#8221;on&#8221; parallax_1=&#8221;off&#8221; parallax_method_1=&#8221;off&#8221; parallax_2=&#8221;off&#8221; parallax_method_2=&#8221;off&#8221; module_class_2=&#8221;news-sus&#8221; custom_css_main_1=&#8221;background:#2C4E3A;&#8221; custom_css_main_2=&#8221;background:#961212;&#8221; gutter_width=&#8221;2&#8243; padding_2_last_edited=&#8221;off|phone&#8221; module_class=&#8221;sc-news&#8221;][et_pb_column type=&#8221;2_3&#8243; specialty_columns=&#8221;2&#8243;][et_pb_row_inner admin_label=&#8221;Fila&#8221; padding_mobile=&#8221;off&#8221; use_custom_gutter=&#8221;off&#8221; column_padding_mobile=&#8221;on&#8221; make_equal=&#8221;off&#8221; parallax_1=&#8221;off&#8221; parallax_method_1=&#8221;off&#8221; parallax_2=&#8221;off&#8221; parallax_method_2=&#8221;off&#8221; module_class=&#8221;fcon&#8221;][et_pb_column_inner type=&#8221;1_2&#8243; saved_specialty_column_type=&#8221;2_3&#8243;][et_pb_text admin_label=&#8221;Texto&#8221; background_layout=&#8221;dark&#8221; text_orientation=&#8221;left&#8221; use_border_color=&#8221;off&#8221; border_color=&#8221;#ffffff&#8221; border_style=&#8221;solid&#8221;]<\/p>\n<h3>Can we help you?<\/h3>\n<p>We would be pleased to be of assistance. Just fill in the contact form with any questions or queries you may have, or if you prefer, call us directly on +34 951 060 354.<br \/>\n[\/et_pb_text][\/et_pb_column_inner][et_pb_column_inner type=&#8221;1_2&#8243; saved_specialty_column_type=&#8221;2_3&#8243;][et_pb_code admin_label=&#8221;C\u00f3digo&#8221;][contact-form-7 id=&#8221;853&#8243; title=&#8221;Contact_en&#8221;][\/et_pb_code][\/et_pb_column_inner][\/et_pb_row_inner][\/et_pb_column][et_pb_column type=&#8221;1_3&#8243;][et_pb_text admin_label=&#8221;Texto&#8221; background_layout=&#8221;dark&#8221; text_orientation=&#8221;left&#8221; use_border_color=&#8221;off&#8221; border_color=&#8221;#ffffff&#8221; border_style=&#8221;solid&#8221; custom_padding=&#8221;|20px||20px&#8221; custom_margin=&#8221;10px||0px|&#8221;]Sign up for our Newsletter and get priority access to tournaments and offers on the golf course.<br \/>\n[\/et_pb_text][et_pb_code admin_label=&#8221;C\u00f3digo&#8221;]&lt;script type=&#8221;text\/javascript&#8221; src=&#8221;\/\/static.mailerlite.com\/data\/webforms\/377488\/k3p8x0.js?v24&#8243;&gt;&lt;\/script&gt;[\/et_pb_code][\/et_pb_column][\/et_pb_section]<\/p>\n","protected":false},"excerpt":{"rendered":"<p>Antequera Golf 18 SPECTACULAR HOLES IN THE HEART OF ANDALUCIA Antequera Golf is much more than a beautiful 18 hole golf course located in the centre of Andalucia, at the base of the Natural Park of El Torcal of Antequera (Malaga). It is a demanding golf course, as well as being ecological and surrounded by [&hellip;]<\/p>\n","protected":false},"author":1,"featured_media":0,"parent":0,"menu_order":0,"comment_status":"closed","ping_status":"closed","template":"","meta":{"_et_pb_use_builder":"on","_et_pb_old_content":"","_et_gb_content_width":"","footnotes":""},"yoast_head":"<!-- This site is optimized with the Yoast SEO plugin v22.5 - https:\/\/yoast.com\/wordpress\/plugins\/seo\/ -->\n<title>Antequera Golf I Golf Course in Antequera (M\u00e1laga)<\/title>\n<meta name=\"description\" content=\"Campo de golf de 18 hoyos en Antequera (M\u00e1laga). Juegue en el campo Antequera Golf. El mejor campo de golf en el interior de Andaluc\u00eda\" \/>\n<meta name=\"robots\" content=\"index, follow, max-snippet:-1, max-image-preview:large, max-video-preview:-1\" \/>\n<link rel=\"canonical\" href=\"https:\/\/www.golfantequera.com\/\" \/>\n<meta property=\"og:locale\" content=\"en_US\" \/>\n<meta property=\"og:type\" content=\"article\" \/>\n<meta property=\"og:title\" content=\"Antequera Golf I Golf Course in Antequera (M\u00e1laga)\" \/>\n<meta property=\"og:description\" content=\"Campo de golf de 18 hoyos en Antequera (M\u00e1laga). Juegue en el campo Antequera Golf. El mejor campo de golf en el interior de Andaluc\u00eda\" \/>\n<meta property=\"og:url\" content=\"https:\/\/www.golfantequera.com\/\" \/>\n<meta property=\"og:site_name\" content=\"Antequera Golf Course\" \/>\n<meta property=\"article:modified_time\" content=\"2017-04-16T11:23:12+00:00\" \/>\n<meta name=\"twitter:card\" content=\"summary_large_image\" \/>\n<meta name=\"twitter:label1\" content=\"Est. reading time\" \/>\n\t<meta name=\"twitter:data1\" content=\"8 minutes\" \/>\n<script type=\"application\/ld+json\" class=\"yoast-schema-graph\">{\"@context\":\"https:\/\/schema.org\",\"@graph\":[{\"@type\":\"WebPage\",\"@id\":\"https:\/\/www.golfantequera.com\/\",\"url\":\"https:\/\/www.golfantequera.com\/\",\"name\":\"Antequera Golf I Golf Course in Antequera (M\u00e1laga)\",\"isPartOf\":{\"@id\":\"https:\/\/www.golfantequera.com\/#website\"},\"datePublished\":\"2016-11-22T00:40:38+00:00\",\"dateModified\":\"2017-04-16T11:23:12+00:00\",\"description\":\"Campo de golf de 18 hoyos en Antequera (M\u00e1laga). Juegue en el campo Antequera Golf. El mejor campo de golf en el interior de Andaluc\u00eda\",\"breadcrumb\":{\"@id\":\"https:\/\/www.golfantequera.com\/#breadcrumb\"},\"inLanguage\":\"en-US\",\"potentialAction\":[{\"@type\":\"ReadAction\",\"target\":[\"https:\/\/www.golfantequera.com\/\"]}]},{\"@type\":\"BreadcrumbList\",\"@id\":\"https:\/\/www.golfantequera.com\/#breadcrumb\",\"itemListElement\":[{\"@type\":\"ListItem\",\"position\":1,\"name\":\"Portada\",\"item\":\"https:\/\/www.golfantequera.com\/\"},{\"@type\":\"ListItem\",\"position\":2,\"name\":\"home\"}]},{\"@type\":\"WebSite\",\"@id\":\"https:\/\/www.golfantequera.com\/#website\",\"url\":\"https:\/\/www.golfantequera.com\/\",\"name\":\"Antequera Golf Course\",\"description\":\"Golf course in Antequera\",\"publisher\":{\"@id\":\"https:\/\/www.golfantequera.com\/#organization\"},\"potentialAction\":[{\"@type\":\"SearchAction\",\"target\":{\"@type\":\"EntryPoint\",\"urlTemplate\":\"https:\/\/www.golfantequera.com\/?s={search_term_string}\"},\"query-input\":\"required name=search_term_string\"}],\"inLanguage\":\"en-US\"},{\"@type\":\"Organization\",\"@id\":\"https:\/\/www.golfantequera.com\/#organization\",\"name\":\"Campo Antequera Golf\",\"url\":\"https:\/\/www.golfantequera.com\/\",\"logo\":{\"@type\":\"ImageObject\",\"inLanguage\":\"en-US\",\"@id\":\"https:\/\/www.golfantequera.com\/#\/schema\/logo\/image\/\",\"url\":\"https:\/\/www.golfantequera.com\/wp-content\/uploads\/2025\/03\/Logotipo-Antequera-Golf-horizontal-web.png\",\"contentUrl\":\"https:\/\/www.golfantequera.com\/wp-content\/uploads\/2025\/03\/Logotipo-Antequera-Golf-horizontal-web.png\",\"width\":600,\"height\":193,\"caption\":\"Campo Antequera Golf\"},\"image\":{\"@id\":\"https:\/\/www.golfantequera.com\/#\/schema\/logo\/image\/\"}}]}<\/script>\n<!-- \/ Yoast SEO plugin. -->","yoast_head_json":{"title":"Antequera Golf I Golf Course in Antequera (M\u00e1laga)","description":"Campo de golf de 18 hoyos en Antequera (M\u00e1laga). Juegue en el campo Antequera Golf. El mejor campo de golf en el interior de Andaluc\u00eda","robots":{"index":"index","follow":"follow","max-snippet":"max-snippet:-1","max-image-preview":"max-image-preview:large","max-video-preview":"max-video-preview:-1"},"canonical":"https:\/\/www.golfantequera.com\/","og_locale":"en_US","og_type":"article","og_title":"Antequera Golf I Golf Course in Antequera (M\u00e1laga)","og_description":"Campo de golf de 18 hoyos en Antequera (M\u00e1laga). Juegue en el campo Antequera Golf. El mejor campo de golf en el interior de Andaluc\u00eda","og_url":"https:\/\/www.golfantequera.com\/","og_site_name":"Antequera Golf Course","article_modified_time":"2017-04-16T11:23:12+00:00","twitter_card":"summary_large_image","twitter_misc":{"Est. reading time":"8 minutes"},"schema":{"@context":"https:\/\/schema.org","@graph":[{"@type":"WebPage","@id":"https:\/\/www.golfantequera.com\/","url":"https:\/\/www.golfantequera.com\/","name":"Antequera Golf I Golf Course in Antequera (M\u00e1laga)","isPartOf":{"@id":"https:\/\/www.golfantequera.com\/#website"},"datePublished":"2016-11-22T00:40:38+00:00","dateModified":"2017-04-16T11:23:12+00:00","description":"Campo de golf de 18 hoyos en Antequera (M\u00e1laga). Juegue en el campo Antequera Golf. El mejor campo de golf en el interior de Andaluc\u00eda","breadcrumb":{"@id":"https:\/\/www.golfantequera.com\/#breadcrumb"},"inLanguage":"en-US","potentialAction":[{"@type":"ReadAction","target":["https:\/\/www.golfantequera.com\/"]}]},{"@type":"BreadcrumbList","@id":"https:\/\/www.golfantequera.com\/#breadcrumb","itemListElement":[{"@type":"ListItem","position":1,"name":"Portada","item":"https:\/\/www.golfantequera.com\/"},{"@type":"ListItem","position":2,"name":"home"}]},{"@type":"WebSite","@id":"https:\/\/www.golfantequera.com\/#website","url":"https:\/\/www.golfantequera.com\/","name":"Antequera Golf Course","description":"Golf course in Antequera","publisher":{"@id":"https:\/\/www.golfantequera.com\/#organization"},"potentialAction":[{"@type":"SearchAction","target":{"@type":"EntryPoint","urlTemplate":"https:\/\/www.golfantequera.com\/?s={search_term_string}"},"query-input":"required name=search_term_string"}],"inLanguage":"en-US"},{"@type":"Organization","@id":"https:\/\/www.golfantequera.com\/#organization","name":"Campo Antequera Golf","url":"https:\/\/www.golfantequera.com\/","logo":{"@type":"ImageObject","inLanguage":"en-US","@id":"https:\/\/www.golfantequera.com\/#\/schema\/logo\/image\/","url":"https:\/\/www.golfantequera.com\/wp-content\/uploads\/2025\/03\/Logotipo-Antequera-Golf-horizontal-web.png","contentUrl":"https:\/\/www.golfantequera.com\/wp-content\/uploads\/2025\/03\/Logotipo-Antequera-Golf-horizontal-web.png","width":600,"height":193,"caption":"Campo Antequera Golf"},"image":{"@id":"https:\/\/www.golfantequera.com\/#\/schema\/logo\/image\/"}}]}},"_links":{"self":[{"href":"https:\/\/www.golfantequera.com\/en\/wp-json\/wp\/v2\/pages\/826"}],"collection":[{"href":"https:\/\/www.golfantequera.com\/en\/wp-json\/wp\/v2\/pages"}],"about":[{"href":"https:\/\/www.golfantequera.com\/en\/wp-json\/wp\/v2\/types\/page"}],"author":[{"embeddable":true,"href":"https:\/\/www.golfantequera.com\/en\/wp-json\/wp\/v2\/users\/1"}],"replies":[{"embeddable":true,"href":"https:\/\/www.golfantequera.com\/en\/wp-json\/wp\/v2\/comments?post=826"}],"version-history":[{"count":26,"href":"https:\/\/www.golfantequera.com\/en\/wp-json\/wp\/v2\/pages\/826\/revisions"}],"predecessor-version":[{"id":908,"href":"https:\/\/www.golfantequera.com\/en\/wp-json\/wp\/v2\/pages\/826\/revisions\/908"}],"wp:attachment":[{"href":"https:\/\/www.golfantequera.com\/en\/wp-json\/wp\/v2\/media?parent=826"}],"curies":[{"name":"wp","href":"https:\/\/api.w.org\/{rel}","templated":true}]}}